{"id":303,"date":"2016-08-29T05:01:57","date_gmt":"2016-08-29T03:01:57","guid":{"rendered":"http:\/\/www.irhis-sn.com\/?page_id=303"},"modified":"2025-04-18T23:23:12","modified_gmt":"2025-04-18T23:23:12","slug":"presentation","status":"publish","type":"page","link":"https:\/\/www.irhis-sn.com\/en\/presentation\/","title":{"rendered":"Pr\u00e9sentation"},"content":{"rendered":"<div data-elementor-type=\"wp-page\" data-elementor-id=\"303\" class=\"elementor elementor-303\">\n\t\t\t\t        <section class=\"elementor-section elementor-top-section elementor-element elementor-element-7bde4bab elementor-section-boxed elementor-section-height-default elementor-section-height-default\" data-id=\"7bde4bab\" data-element_type=\"section\">\n            \n                        <div class=\"elementor-container elementor-column-gap-extended\">\n                    <div class=\"elementor-column elementor-col-50 elementor-top-column elementor-element elementor-element-6225dc23\" data-id=\"6225dc23\" data-element_type=\"column\">\n        <div class=\"elementor-widget-wrap elementor-element-populated\">\n                    \n        \t\t<div class=\"elementor-element elementor-element-6b01cacb elementor-widget elementor-widget-ct_heading\" data-id=\"6b01cacb\" data-element_type=\"widget\" data-widget_type=\"ct_heading.default\">\n\t\t\t\t<div class=\"elementor-widget-container\">\n\t\t\t\t\t<div class=\"ct-heading ct-heading-line h-align-\" data-wow-duration=\"1.2s\">\r\n\t<div class=\"ct-heading--inner\">\r\n            \t\t<div class=\"item--sub-title style-default\">\r\n                <span>\r\n                       \r\n                    A propos de nous                            \r\n                <\/span>\r\n            <\/div>\r\n    \t                    <div class=\"line-divider\"><span><\/span><\/div>\r\n                <h3 class=\"item--title\">\r\n                        Une \u00e9quipe exp\u00e9riment\u00e9e \u00e0 votre service        <\/h3>\r\n    <\/div>\r\n<\/div>\t\t\t\t<\/div>\n\t\t\t\t<\/div>\n\t\t\t\t<div class=\"elementor-element elementor-element-37449067 elementor-widget elementor-widget-ct_tabs\" data-id=\"37449067\" data-element_type=\"widget\" data-widget_type=\"ct_tabs.default\">\n\t\t\t\t<div class=\"elementor-widget-container\">\n\t\t\t\t\t<div class=\"ct-tabs ct-tabs--layout1 style1\">\n    <div class=\"ct-tabs-title\">\n                    <span class=\"ct-tab-title active\" data-target=\"#b83a1f8\">\n                <i aria-hidden=\"true\" class=\"flaticon flaticon-value\"><\/i>                                Nos valeurs        \n            <\/span>\n                    <span class=\"ct-tab-title\" data-target=\"#1d51f3f\">\n                <i aria-hidden=\"true\" class=\"flaticon flaticon-start-button\"><\/i>                                Notre charte d\u2019entreprise        \n            <\/span>\n            <\/div>\n\n    <div class=\"ct-tabs-content\">\n                    <div class=\"ct-tab-content\" id=\"b83a1f8\" style=\"display:block;\"><ol><li style=\"text-align: justify;\">Comp\u00e9tence, ind\u00e9pendance, int\u00e9grit\u00e9, rigueur, engagement et responsabilit\u00e9 constituent les valeurs dans lesquelles s\u2019est ancr\u00e9 IRHIS, pour faire toute la diff\u00e9rence.<\/li><li style=\"text-align: justify;\">La r\u00e9ussite de vos projets et la r\u00e9ponse \u00e0 vos attentes sont notre d\u00e9fit<\/li><li style=\"text-align: justify;\">La passion pour notre travail est notre principale motivation qui nous place au centre des besoins et attentes de nos clients pour \u00e9laborer et mettre en \u0153uvre des projets de qualit\u00e9 rentables et r\u00e9pondant \u00e0 toutes les exigences de qualit\u00e9, de s\u00e9curit\u00e9 et de durabilit\u00e9.<\/li><\/ol><\/div>\n                    <div class=\"ct-tab-content\" id=\"1d51f3f\"><p align=\"JUSTIFY\">La charte de notre entreprise repose essentiellement sur l\u2019\u00e9thique, la d\u00e9ontologie, le professionnalisme et les valeurs partag\u00e9es. Elle nous engage \u00e0 garantir la qualit\u00e9 de nos services, la confidentialit\u00e9 dans l\u2019exercice de nos missions, et l\u2019atteinte des objectifs et des attentes de nos clients. Elle nous d\u00e9marque de nos concurrents.<\/p><p align=\"JUSTIFY\">Des ouvrages de qualit\u00e9 par des prestations de qualit\u00e9, \u00e0 la satisfaction des clients ; c\u2019est l\u2019objectif sur lequel nous nous penchons chaque jour. <a href=\"https:\/\/www.irhis-sn.com\/en\/notre-charte-dentreprise\/\">Lire plus<\/a>\u00a0<\/p><p align=\"JUSTIFY\">\u00a0<\/p><\/div>\n            <\/div>\n<\/div>\t\t\t\t<\/div>\n\t\t\t\t<\/div>\n\t\t            <\/div>\n        <\/div>\n                <div class=\"elementor-column elementor-col-50 elementor-top-column elementor-element elementor-element-275e587b\" data-id=\"275e587b\" data-element_type=\"column\">\n        <div class=\"elementor-widget-wrap elementor-element-populated\">\n                    \n        \t\t<div class=\"elementor-element elementor-element-271a1bf elementor-pagination-position-inside elementor-arrows-position-inside elementor-widget elementor-widget-image-carousel\" data-id=\"271a1bf\" data-element_type=\"widget\" data-settings=\"{&quot;slides_to_show&quot;:&quot;1&quot;,&quot;autoplay_speed&quot;:6000,&quot;navigation&quot;:&quot;both&quot;,&quot;autoplay&quot;:&quot;yes&quot;,&quot;pause_on_hover&quot;:&quot;yes&quot;,&quot;pause_on_interaction&quot;:&quot;yes&quot;,&quot;infinite&quot;:&quot;yes&quot;,&quot;effect&quot;:&quot;slide&quot;,&quot;speed&quot;:500}\" data-widget_type=\"image-carousel.default\">\n\t\t\t\t<div class=\"elementor-widget-container\">\n\t\t\t\t\t\t\t<div class=\"elementor-image-carousel-wrapper swiper\" role=\"region\" aria-roledescription=\"carousel\" aria-label=\"Image Carousel\" dir=\"ltr\" data-no-translation-aria-label=\"\">\n\t\t\t<div class=\"elementor-image-carousel swiper-wrapper\" aria-live=\"off\">\n\t\t\t\t\t\t\t\t<div class=\"swiper-slide\" role=\"group\" aria-roledescription=\"slide\" aria-label=\"1 of 2\" data-no-translation-aria-label=\"\"><figure class=\"swiper-slide-inner\"><img decoding=\"async\" class=\"swiper-slide-image\" src=\"https:\/\/www.irhis-sn.com\/wp-content\/uploads\/2019\/07\/Structure-organisationnelle-generale-IRHIS-2019-e1562860531758-1.png\" alt=\"Structure organisationnelle generale IRHIS 2019\" \/><\/figure><\/div><div class=\"swiper-slide\" role=\"group\" aria-roledescription=\"slide\" aria-label=\"2 of 2\" data-no-translation-aria-label=\"\"><figure class=\"swiper-slide-inner\"><img decoding=\"async\" class=\"swiper-slide-image\" src=\"https:\/\/www.irhis-sn.com\/wp-content\/uploads\/2019\/07\/Structure-organisationnelle-departement-CI-2019-1.png\" alt=\"Structure organisationnelle departement CI 2019\" \/><\/figure><\/div>\t\t\t<\/div>\n\t\t\t\t\t\t\t\t\t\t\t\t<div class=\"elementor-swiper-button elementor-swiper-button-prev\" role=\"button\" tabindex=\"0\">\n\t\t\t\t\t\t<i aria-hidden=\"true\" class=\"eicon-chevron-left\"><\/i>\t\t\t\t\t<\/div>\n\t\t\t\t\t<div class=\"elementor-swiper-button elementor-swiper-button-next\" role=\"button\" tabindex=\"0\">\n\t\t\t\t\t\t<i aria-hidden=\"true\" class=\"eicon-chevron-right\"><\/i>\t\t\t\t\t<\/div>\n\t\t\t\t\n\t\t\t\t\t\t\t\t\t<div class=\"swiper-pagination\"><\/div>\n\t\t\t\t\t\t\t\t\t<\/div>\n\t\t\t\t\t\t<\/div>\n\t\t\t\t<\/div>\n\t\t            <\/div>\n        <\/div>\n                    <\/div>\n        <\/section>\n                <section class=\"elementor-section elementor-top-section elementor-element elementor-element-e6e96ae elementor-section-boxed elementor-section-height-default elementor-section-height-default\" data-id=\"e6e96ae\" data-element_type=\"section\">\n            \n                        <div class=\"elementor-container elementor-column-gap-default\">\n                    <div class=\"elementor-column elementor-col-100 elementor-top-column elementor-element elementor-element-3d25de4\" data-id=\"3d25de4\" data-element_type=\"column\">\n        <div class=\"elementor-widget-wrap elementor-element-populated\">\n                    \n        \t\t<div class=\"elementor-element elementor-element-3343281 elementor-widget-divider--view-line elementor-widget elementor-widget-divider\" data-id=\"3343281\" data-element_type=\"widget\" data-widget_type=\"divider.default\">\n\t\t\t\t<div class=\"elementor-widget-container\">\n\t\t\t\t\t\t\t<div class=\"elementor-divider\">\n\t\t\t<span class=\"elementor-divider-separator\">\n\t\t\t\t\t\t<\/span>\n\t\t<\/div>\n\t\t\t\t\t\t<\/div>\n\t\t\t\t<\/div>\n\t\t\t\t<div class=\"elementor-element elementor-element-124ea3e elementor-widget elementor-widget-ct_text_editor\" data-id=\"124ea3e\" data-element_type=\"widget\" data-widget_type=\"ct_text_editor.default\">\n\t\t\t\t<div class=\"elementor-widget-container\">\n\t\t\t\t\t<div id=\"ct_text_editor-124ea3e\" class=\"ct-text-editor\">\n\t<div class=\"ct-item--inner\">\n\t\t<div class=\"ct-inline-css\"  data-css=\"\t        \">\n\t    <\/div>\n\t\t<div class=\"ct-text-editor elementor-clearfix\"><p align=\"JUSTIFY\">IRHIS SARL est une soci\u00e9t\u00e9 de services sp\u00e9cialis\u00e9e dans les infrastructures, routes, hydraulique, ing\u00e9nierie et suivi dans les domaines du g\u00e9nie civil, du BTP, des b\u00e2timents (ERP, Habitation, IGH, ICPE, industriel), des travaux publics, de l\u2019assainissement et de l\u2019industrie.<\/p><p align=\"JUSTIFY\">Il est organis\u00e9 en unit\u00e9s techniques sp\u00e9cialis\u00e9es : Service des secteurs public (maitres d\u2019ouvrages publics, administration, collectivit\u00e9s locales, soci\u00e9t\u00e9s nationales, agences d\u2019ex\u00e9cution, etc.) et priv\u00e9 (maitres d\u2019ouvrages priv\u00e9s, banques, promoteurs, entreprises de travaux), et leur apporte toute l\u2019assistance technique n\u00e9cessaire pour la conception, les \u00e9tudes et la supervision et le suivi de leurs projets. IRHIS accompagne aussi les ma\u00eetres d\u2019ouvrage dans la gestion de leurs ouvrages en phase d\u2019exploitation.<\/p><p align=\"JUSTIFY\">IRHIS est un bureau d\u2019ing\u00e9nierie pluridisciplinaire, de conseil, de suivi et de supervision de travaux, qui collabore avec des ing\u00e9nieurs, architectes, urbanistes et \u00e9conomistes de la construction et intervient depuis la conception de votre projet jusqu\u2019\u00e0 la livraison de l\u2019ouvrage en s\u2019appuyant sur :<\/p><ul><li>une \u00e9quipe exp\u00e9riment\u00e9e, poss\u00e9dant l\u2019expertise n\u00e9cessaire \u00e0 la bonne compr\u00e9hension des normes et r\u00e8glements de la construction et des besoins des clients ;<\/li><li>des partenaires et consultants internationaux, de haut niveau.<\/li><\/ul><p align=\"JUSTIFY\">Ce qui lui conf\u00e8re un ensemble de comp\u00e9tences dans les domaines de construction de b\u00e2timents, d\u2019infrastructures immobili\u00e8res, routi\u00e8res et hydrauliques, des ouvrages d\u2019art, de l\u2019efficacit\u00e9 \u00e9nerg\u00e9tique dans les b\u00e2timents, de la protection c\u00f4ti\u00e8re, etc.<\/p><\/div>\n\t<\/div>\n<\/div>\t\t\t\t<\/div>\n\t\t\t\t<\/div>\n\t\t            <\/div>\n        <\/div>\n                    <\/div>\n        <\/section>\n                <section class=\"elementor-section elementor-top-section elementor-element elementor-element-e02ff0e elementor-section-stretched elementor-section-boxed elementor-section-height-default elementor-section-height-default\" data-id=\"e02ff0e\" data-element_type=\"section\" data-settings=\"{&quot;stretch_section&quot;:&quot;section-stretched&quot;,&quot;background_background&quot;:&quot;video&quot;,&quot;background_video_link&quot;:&quot;https:\\\/\\\/www.irhis-sn.com\\\/wp-content\\\/uploads\\\/2024\\\/02\\\/1322120_Lumpur_Twin-Towers_Church_3840x2160.mp4&quot;}\">\n                                <div class=\"elementor-background-video-container elementor-hidden-phone\">\n                                                    <video class=\"elementor-background-video-hosted elementor-html5-video\" autoplay muted playsinline loop><\/video>\n                                            <\/div>\n                                    <div class=\"elementor-background-overlay\"><\/div>\n                \n                        <div class=\"elementor-container elementor-column-gap-default\">\n                    <div class=\"elementor-column elementor-col-50 elementor-top-column elementor-element elementor-element-09e844e\" data-id=\"09e844e\" data-element_type=\"column\">\n        <div class=\"elementor-widget-wrap elementor-element-populated\">\n                    \n        \t\t<div class=\"elementor-element elementor-element-961d6f5 elementor-widget elementor-widget-ct_heading\" data-id=\"961d6f5\" data-element_type=\"widget\" data-widget_type=\"ct_heading.default\">\n\t\t\t\t<div class=\"elementor-widget-container\">\n\t\t\t\t\t<div class=\"ct-heading ct-heading-line h-align-\" data-wow-duration=\"1.2s\">\r\n\t<div class=\"ct-heading--inner\">\r\n                            <div class=\"line-divider\"><span><\/span><\/div>\r\n                <h3 class=\"item--title\">\r\n                        3 RAISONS POUR NOUS CHOISIR        <\/h3>\r\n    <\/div>\r\n<\/div>\t\t\t\t<\/div>\n\t\t\t\t<\/div>\n\t\t\t\t<div class=\"elementor-element elementor-element-98f1dfc elementor-widget elementor-widget-ct_accordion\" data-id=\"98f1dfc\" data-element_type=\"widget\" data-widget_type=\"ct_accordion.default\">\n\t\t\t\t<div class=\"elementor-widget-container\">\n\t\t\t\t\t    <div id=\"ct_accordion-98f1dfc\" class=\"ct-accordion layout1\" data-wow-duration=\"1.2s\">\r\n                    <div class=\"ct-accordion-item active\">\r\n                <div class=\"ct-ac-title active\" data-target=\"#b588813ct_accordion-98f1dfc\">\r\n                    <a class=\"ct-ac-title-text\">Une \u00e9quipe qualifi\u00e9e<\/a>\r\n                <\/div>\r\n                <div id=\"b588813ct_accordion-98f1dfc\" class=\"ct-ac-content\" style=\"display:block;\">IRHIS dispose en permanence d\u2019\u00e9quipe d\u2019ing\u00e9nieurs qualifi\u00e9s et exp\u00e9riment\u00e9s pluridisciplinaires, de conseil, de suivi et de supervision de travaux, qui collabore avec des ing\u00e9nieurs sp\u00e9cialis\u00e9s de haut niveau, des architectes, urbanistes et \u00e9conomistes de la construction et intervient depuis la conception de votre projet jusqu\u2019\u00e0 la livraison de l\u2019ouvrage.<\/div>\r\n            <\/div>\r\n                    <div class=\"ct-accordion-item\">\r\n                <div class=\"ct-ac-title\" data-target=\"#5153e6fct_accordion-98f1dfc\">\r\n                    <a class=\"ct-ac-title-text\">Des prestations de qualit\u00e9<\/a>\r\n                <\/div>\r\n                <div id=\"5153e6fct_accordion-98f1dfc\" class=\"ct-ac-content\">IRHIS est engag\u00e9 depuis sa cr\u00e9ation dans une d\u00e9marche qualit\u00e9. Ce qui lui a permis de ma\u00eetriser son fonctionnement, d'am\u00e9liorer ses proc\u00e9dures, de mettre en ad\u00e9quation ses prestations avec les attentes de ses clients et de leur fournir ainsi des services \u00e0 leur enti\u00e8re satisfaction.<\/div>\r\n            <\/div>\r\n                    <div class=\"ct-accordion-item\">\r\n                <div class=\"ct-ac-title\" data-target=\"#455a334ct_accordion-98f1dfc\">\r\n                    <a class=\"ct-ac-title-text\">Une client\u00e8le satisfaite<\/a>\r\n                <\/div>\r\n                <div id=\"455a334ct_accordion-98f1dfc\" class=\"ct-ac-content\">Les retours positifs de nos clients renforcent davantage notre engagement \u00e0 fournir des services de qualit\u00e9 et nous oblige \u00e0 faire notre objectif premier la satisfaction de nos clients. <\/div>\r\n            <\/div>\r\n            <\/div>\r\n\t\t\t\t<\/div>\n\t\t\t\t<\/div>\n\t\t            <\/div>\n        <\/div>\n                <div class=\"elementor-column elementor-col-50 elementor-top-column elementor-element elementor-element-33f7cec\" data-id=\"33f7cec\" data-element_type=\"column\">\n        <div class=\"elementor-widget-wrap elementor-element-populated\">\n                    \n        \t\t<div class=\"elementor-element elementor-element-f8cd5c5 elementor-widget elementor-widget-image\" data-id=\"f8cd5c5\" data-element_type=\"widget\" data-widget_type=\"image.default\">\n\t\t\t\t<div class=\"elementor-widget-container\">\n\t\t\t\t\t\t\t\t\t\t\t\t\t\t\t<img fetchpriority=\"high\" decoding=\"async\" width=\"2000\" height=\"1336\" src=\"https:\/\/www.irhis-sn.com\/wp-content\/uploads\/2024\/08\/8336.jpg\" class=\"attachment-full size-full wp-image-5358\" alt=\"\" srcset=\"https:\/\/www.irhis-sn.com\/wp-content\/uploads\/2024\/08\/8336.jpg 2000w, https:\/\/www.irhis-sn.com\/wp-content\/uploads\/2024\/08\/8336-300x200.jpg 300w, https:\/\/www.irhis-sn.com\/wp-content\/uploads\/2024\/08\/8336-1024x684.jpg 1024w, https:\/\/www.irhis-sn.com\/wp-content\/uploads\/2024\/08\/8336-768x513.jpg 768w, https:\/\/www.irhis-sn.com\/wp-content\/uploads\/2024\/08\/8336-1536x1026.jpg 1536w\" sizes=\"(max-width: 2000px) 100vw, 2000px\" \/>\t\t\t\t\t\t\t\t\t\t\t\t\t\t\t<\/div>\n\t\t\t\t<\/div>\n\t\t            <\/div>\n        <\/div>\n                    <\/div>\n        <\/section>\n                <section class=\"elementor-section elementor-top-section elementor-element elementor-element-3d78b30 elementor-section-boxed elementor-section-height-default elementor-section-height-default\" data-id=\"3d78b30\" data-element_type=\"section\">\n            \n                        <div class=\"elementor-container elementor-column-gap-default\">\n                    <div class=\"elementor-column elementor-col-50 elementor-top-column elementor-element elementor-element-0d8881a\" data-id=\"0d8881a\" data-element_type=\"column\">\n        <div class=\"elementor-widget-wrap elementor-element-populated\">\n                    \n        \t\t<div class=\"elementor-element elementor-element-76a22f6 elementor-widget elementor-widget-ct_text_editor\" data-id=\"76a22f6\" data-element_type=\"widget\" data-widget_type=\"ct_text_editor.default\">\n\t\t\t\t<div class=\"elementor-widget-container\">\n\t\t\t\t\t<div id=\"ct_text_editor-76a22f6\" class=\"ct-text-editor\">\n\t<div class=\"ct-item--inner\">\n\t\t<div class=\"ct-inline-css\"  data-css=\"\t        \">\n\t    <\/div>\n\t\t<div class=\"ct-text-editor elementor-clearfix\"><p align=\"JUSTIFY\">Outre son personnel technique permanent compos\u00e9 d\u2019ing\u00e9nieurs et de techniciens de haut niveau, IRHIS collabore, dans le cadre de projets particuli\u00e8rement complexes avec des ing\u00e9nieurs sp\u00e9cialis\u00e9s, architectes, urbanistes et \u00e9conomistes de la construction. Ce qui lui conf\u00e8re un ensemble de comp\u00e9tences dans les domaines du b\u00e2timent et des infrastructures. Nos domaines d\u2019activit\u00e9s sont\u00a0:<\/p><ul><li>Construction et infrastructure\u00a0;<\/li><li>Route et autoroute\u00a0;<\/li><li>Hydraulique et assainissement\u00a0;<\/li><li>L\u2019ing\u00e9nierie\u00a0;<\/li><li>Suivi de travaux.<\/li><li>Formation<\/li><\/ul><p align=\"JUSTIFY\"><a name=\"_GoBack\"><\/a>Notre exp\u00e9rience et notre expertise nous placent parmi les leaders de l\u2019ing\u00e9nierie et du suivi de travaux.<\/p><\/div>\n\t<\/div>\n<\/div>\t\t\t\t<\/div>\n\t\t\t\t<\/div>\n\t\t\t\t<div class=\"elementor-element elementor-element-a136d7d elementor-widget elementor-widget-button\" data-id=\"a136d7d\" data-element_type=\"widget\" data-widget_type=\"button.default\">\n\t\t\t\t<div class=\"elementor-widget-container\">\n\t\t\t\t\t\t\t\t\t<div class=\"elementor-button-wrapper\">\n\t\t\t\t\t<a class=\"elementor-button elementor-button-link elementor-size-sm\" href=\"#\">\n\t\t\t\t\t\t<span class=\"elementor-button-content-wrapper\">\n\t\t\t\t\t\t\t\t\t<span class=\"elementor-button-text\">Nos m\u00e9tiers<\/span>\n\t\t\t\t\t<\/span>\n\t\t\t\t\t<\/a>\n\t\t\t\t<\/div>\n\t\t\t\t\t\t\t\t<\/div>\n\t\t\t\t<\/div>\n\t\t            <\/div>\n        <\/div>\n                <div class=\"elementor-column elementor-col-50 elementor-top-column elementor-element elementor-element-31809c6\" data-id=\"31809c6\" data-element_type=\"column\">\n        <div class=\"elementor-widget-wrap elementor-element-populated\">\n                    \n        \t\t<div class=\"elementor-element elementor-element-10939af elementor-widget elementor-widget-ct_image\" data-id=\"10939af\" data-element_type=\"widget\" data-widget_type=\"ct_image.default\">\n\t\t\t\t<div class=\"elementor-widget-container\">\n\t\t\t\t\t<div class=\"ct-image-single wow bounceInRight\" data-wow-duration=\"1.2s\" data-wow-delay=\"ms\">\r\n                        <img decoding=\"async\" width=\"1773\" height=\"1650\" src=\"https:\/\/www.irhis-sn.com\/wp-content\/uploads\/2024\/02\/Construction-PMI-e1706919260689.jpg\" class=\"attachment-full\" alt=\"\" \/>            <\/div>\t\t\t\t<\/div>\n\t\t\t\t<\/div>\n\t\t            <\/div>\n        <\/div>\n                    <\/div>\n        <\/section>\n        \t\t<\/div>","protected":false},"excerpt":{"rendered":"<p>A propos de nous Une \u00e9quipe exp\u00e9riment\u00e9e \u00e0 votre service Nos valeurs Notre charte d\u2019entreprise Comp\u00e9tence, ind\u00e9pendance, int\u00e9grit\u00e9, rigueur, engagement et responsabilit\u00e9 constituent les valeurs dans lesquelles s\u2019est ancr\u00e9 IRHIS, pour faire toute la diff\u00e9rence. La r\u00e9ussite de vos projets et la r\u00e9ponse \u00e0 vos attentes sont notre d\u00e9fit La passion pour notre travail est [&hellip;]<\/p>","protected":false},"author":1,"featured_media":0,"parent":0,"menu_order":0,"comment_status":"closed","ping_status":"closed","template":"","meta":{"footnotes":""},"class_list":["post-303","page","type-page","status-publish","hentry"],"_links":{"self":[{"href":"https:\/\/www.irhis-sn.com\/en\/wp-json\/wp\/v2\/pages\/303","targetHints":{"allow":["GET"]}}],"collection":[{"href":"https:\/\/www.irhis-sn.com\/en\/wp-json\/wp\/v2\/pages"}],"about":[{"href":"https:\/\/www.irhis-sn.com\/en\/wp-json\/wp\/v2\/types\/page"}],"author":[{"embeddable":true,"href":"https:\/\/www.irhis-sn.com\/en\/wp-json\/wp\/v2\/users\/1"}],"replies":[{"embeddable":true,"href":"https:\/\/www.irhis-sn.com\/en\/wp-json\/wp\/v2\/comments?post=303"}],"version-history":[{"count":132,"href":"https:\/\/www.irhis-sn.com\/en\/wp-json\/wp\/v2\/pages\/303\/revisions"}],"predecessor-version":[{"id":5678,"href":"https:\/\/www.irhis-sn.com\/en\/wp-json\/wp\/v2\/pages\/303\/revisions\/5678"}],"wp:attachment":[{"href":"https:\/\/www.irhis-sn.com\/en\/wp-json\/wp\/v2\/media?parent=303"}],"curies":[{"name":"wp","href":"https:\/\/api.w.org\/{rel}","templated":true}]}}