{"id":305,"date":"2016-08-29T05:02:38","date_gmt":"2016-08-29T03:02:38","guid":{"rendered":"http:\/\/www.irhis-sn.com\/?page_id=305"},"modified":"2024-02-03T00:36:56","modified_gmt":"2024-02-03T00:36:56","slug":"nos-valeurs","status":"publish","type":"page","link":"https:\/\/www.irhis-sn.com\/en\/nos-valeurs\/","title":{"rendered":"Nos Valeurs"},"content":{"rendered":"<div data-elementor-type=\"wp-page\" data-elementor-id=\"305\" class=\"elementor elementor-305\">\n\t\t\t\t        <section class=\"elementor-section elementor-top-section elementor-element elementor-element-357838c elementor-section-boxed elementor-section-height-default elementor-section-height-default\" data-id=\"357838c\" data-element_type=\"section\">\n            \n                        <div class=\"elementor-container elementor-column-gap-default\">\n                    <div class=\"elementor-column elementor-col-50 elementor-top-column elementor-element elementor-element-d2a919b\" data-id=\"d2a919b\" data-element_type=\"column\">\n        <div class=\"elementor-widget-wrap elementor-element-populated\">\n                    \n        \t\t<div class=\"elementor-element elementor-element-b675521 elementor-widget elementor-widget-ct_text_editor\" data-id=\"b675521\" data-element_type=\"widget\" data-widget_type=\"ct_text_editor.default\">\n\t\t\t\t<div class=\"elementor-widget-container\">\n\t\t\t\t\t<div id=\"ct_text_editor-b675521\" class=\"ct-text-editor\">\n\t<div class=\"ct-item--inner\">\n\t\t<div class=\"ct-inline-css\"  data-css=\"\t        \">\n\t    <\/div>\n\t\t<div class=\"ct-text-editor elementor-clearfix\"><ol style=\"list-style-type: lower-roman\"><li style=\"text-align: justify\">Comp\u00e9tence, ind\u00e9pendance, int\u00e9grit\u00e9, rigueur, engagement et responsabilit\u00e9 constituent les valeurs dans lesquelles s\u2019est ancr\u00e9 IRHIS, pour faire toute la\u00a0 diff\u00e9rence.<\/li><li style=\"text-align: justify\">La r\u00e9ussite de vos projets et la r\u00e9ponse \u00e0 vos attentes sont notre d\u00e9fit<\/li><li style=\"text-align: justify\">La passion pour notre travail est notre principale motivation qui nous place au centre des besoins et attentes de nos clients pour \u00e9laborer et mettre en \u0153uvre des projets de qualit\u00e9 rentables et r\u00e9pondant \u00e0 toutes les exigences de qualit\u00e9, de s\u00e9curit\u00e9 et de durabilit\u00e9.<\/li><\/ol><\/div>\n\t<\/div>\n<\/div>\t\t\t\t<\/div>\n\t\t\t\t<\/div>\n\t\t            <\/div>\n        <\/div>\n                <div class=\"elementor-column elementor-col-50 elementor-top-column elementor-element elementor-element-d02410f\" data-id=\"d02410f\" data-element_type=\"column\">\n        <div class=\"elementor-widget-wrap elementor-element-populated\">\n                    \n        \t\t<div class=\"elementor-element elementor-element-057b695 elementor-widget elementor-widget-image\" data-id=\"057b695\" data-element_type=\"widget\" data-widget_type=\"image.default\">\n\t\t\t\t<div class=\"elementor-widget-container\">\n\t\t\t\t\t\t\t\t\t\t\t\t\t\t\t<img fetchpriority=\"high\" decoding=\"async\" width=\"641\" height=\"258\" src=\"https:\/\/www.irhis-sn.com\/wp-content\/uploads\/2024\/02\/nos-valeurs-1.jpg\" class=\"attachment-full size-full wp-image-4965\" alt=\"\" srcset=\"https:\/\/www.irhis-sn.com\/wp-content\/uploads\/2024\/02\/nos-valeurs-1.jpg 641w, https:\/\/www.irhis-sn.com\/wp-content\/uploads\/2024\/02\/nos-valeurs-1-300x121.jpg 300w\" sizes=\"(max-width: 641px) 100vw, 641px\" \/>\t\t\t\t\t\t\t\t\t\t\t\t\t\t\t<\/div>\n\t\t\t\t<\/div>\n\t\t            <\/div>\n        <\/div>\n                    <\/div>\n        <\/section>\n        \t\t<\/div>","protected":false},"excerpt":{"rendered":"<p>Comp\u00e9tence, ind\u00e9pendance, int\u00e9grit\u00e9, rigueur, engagement et responsabilit\u00e9 constituent les valeurs dans lesquelles s\u2019est ancr\u00e9 IRHIS, pour faire toute la\u00a0 diff\u00e9rence. La r\u00e9ussite de vos projets et la r\u00e9ponse \u00e0 vos attentes sont notre d\u00e9fit La passion pour notre travail est notre principale motivation qui nous place au centre des besoins et attentes de nos clients [&hellip;]<\/p>","protected":false},"author":1,"featured_media":0,"parent":0,"menu_order":0,"comment_status":"closed","ping_status":"closed","template":"","meta":{"footnotes":""},"class_list":["post-305","page","type-page","status-publish","hentry"],"_links":{"self":[{"href":"https:\/\/www.irhis-sn.com\/en\/wp-json\/wp\/v2\/pages\/305","targetHints":{"allow":["GET"]}}],"collection":[{"href":"https:\/\/www.irhis-sn.com\/en\/wp-json\/wp\/v2\/pages"}],"about":[{"href":"https:\/\/www.irhis-sn.com\/en\/wp-json\/wp\/v2\/types\/page"}],"author":[{"embeddable":true,"href":"https:\/\/www.irhis-sn.com\/en\/wp-json\/wp\/v2\/users\/1"}],"replies":[{"embeddable":true,"href":"https:\/\/www.irhis-sn.com\/en\/wp-json\/wp\/v2\/comments?post=305"}],"version-history":[{"count":9,"href":"https:\/\/www.irhis-sn.com\/en\/wp-json\/wp\/v2\/pages\/305\/revisions"}],"predecessor-version":[{"id":4974,"href":"https:\/\/www.irhis-sn.com\/en\/wp-json\/wp\/v2\/pages\/305\/revisions\/4974"}],"wp:attachment":[{"href":"https:\/\/www.irhis-sn.com\/en\/wp-json\/wp\/v2\/media?parent=305"}],"curies":[{"name":"wp","href":"https:\/\/api.w.org\/{rel}","templated":true}]}}