{"id":340,"date":"2016-08-30T00:31:35","date_gmt":"2016-08-29T22:31:35","guid":{"rendered":"http:\/\/www.irhis-sn.com\/hydraulique\/"},"modified":"2025-09-11T17:45:01","modified_gmt":"2025-09-11T17:45:01","slug":"hydraulique","status":"publish","type":"page","link":"https:\/\/www.irhis-sn.com\/en\/domaines-dactivites\/hydraulique\/","title":{"rendered":"Hydraulique"},"content":{"rendered":"<div data-elementor-type=\"wp-page\" data-elementor-id=\"340\" class=\"elementor elementor-340\">\n\t\t\t\t        <section class=\"elementor-section elementor-top-section elementor-element elementor-element-912adc1 elementor-section-boxed elementor-section-height-default elementor-section-height-default\" data-id=\"912adc1\" data-element_type=\"section\">\n            \n                        <div class=\"elementor-container elementor-column-gap-default\">\n                    <div class=\"elementor-column elementor-col-100 elementor-top-column elementor-element elementor-element-6e33116\" data-id=\"6e33116\" data-element_type=\"column\">\n        <div class=\"elementor-widget-wrap elementor-element-populated\">\n                    \n        \t\t<div class=\"elementor-element elementor-element-08ab2f1 elementor-invisible elementor-widget elementor-widget-ct_text_editor\" data-id=\"08ab2f1\" data-element_type=\"widget\" data-settings=\"{&quot;_animation&quot;:&quot;fadeInLeft&quot;}\" data-widget_type=\"ct_text_editor.default\">\n\t\t\t\t<div class=\"elementor-widget-container\">\n\t\t\t\t\t<div id=\"ct_text_editor-08ab2f1\" class=\"ct-text-editor\">\n\t<div class=\"ct-item--inner\">\n\t\t<div class=\"ct-inline-css\"  data-css=\"\t        \">\n\t    <\/div>\n\t\t<div class=\"ct-text-editor elementor-clearfix\"><div class=\"wpb_text_column wpb_content_element wpb_animate_when_almost_visible wpb_left-to-right left-to-right wpb_start_animation animated\"><div class=\"wpb_wrapper\"><p style=\"text-align: justify\">L\u2019approvisionnement en eau et de l\u2019assainissement sont des facteurs cl\u00e9s pour lutter contre la pauvret\u00e9 et \u00e9radiquer la faim dans de nombreux pays. IRHIS a d\u00e9velopp\u00e9 des missions innovantes d\u2019ing\u00e9nierie, de conception et de supervision de r\u00e9alisation de projets dans le domaine de l\u2019eau qui couvrent, entre autres, l\u2019adduction d\u2019eau, le stockage, les r\u00e9seaux de distribution, les stations de traitement des eaux us\u00e9es (proc\u00e9d\u00e9s biologiques, biochimiques, lagunes), l\u2019assainissement des eaux us\u00e9es, les syst\u00e8mes int\u00e9gr\u00e9s de r\u00e9utilisation des eaux us\u00e9es, la gestion des eaux pluviales et des inondations, les bassins de r\u00e9tention, etc.<\/p><p style=\"text-align: justify\">Les activit\u00e9s de IRHIS dans ce domaine, s\u2019\u00e9chelonnent de la phase de faisabilit\u00e9 jusqu\u2019\u00e0 la mise en service des projets, y compris les \u00e9tudes d\u00e9taill\u00e9es, l\u2019\u00e9laboration des dossiers d\u2019appel d\u2019offre, l\u2019approche de la rentabilit\u00e9 financi\u00e8re, la supervision des travaux et l\u2019assistance technique au ma\u00eetre d\u2019ouvrage.<\/p><p style=\"text-align: justify\">IRHIS dispose d\u2019experts de comp\u00e9tences av\u00e9r\u00e9es dans l\u2019hydraulique agricole, villageoise et pastorale.\u00a0 Ils interviennent dans la conception, les \u00e9tudes et la supervision de travaux neufs ou de r\u00e9habilitation des infrastructures d\u2019irrigation, du drainage des terres, d\u2019am\u00e9nagement de p\u00e9rim\u00e8tres irrigu\u00e9s, et d\u2019exploitation des syst\u00e8mes d\u2019alimentation en eau reposant sur le principe de la gestion communautaire par les futurs b\u00e9n\u00e9ficiaires.<\/p><\/div><\/div><\/div>\n\t<\/div>\n<\/div>\t\t\t\t<\/div>\n\t\t\t\t<\/div>\n\t\t\t\t<div class=\"elementor-element elementor-element-112dca6 elementor-widget-divider--view-line elementor-widget elementor-widget-divider\" data-id=\"112dca6\" data-element_type=\"widget\" data-widget_type=\"divider.default\">\n\t\t\t\t<div class=\"elementor-widget-container\">\n\t\t\t\t\t\t\t<div class=\"elementor-divider\">\n\t\t\t<span class=\"elementor-divider-separator\">\n\t\t\t\t\t\t<\/span>\n\t\t<\/div>\n\t\t\t\t\t\t<\/div>\n\t\t\t\t<\/div>\n\t\t\t\t<div class=\"elementor-element elementor-element-a15dad4 elementor-invisible elementor-widget elementor-widget-ct_image\" data-id=\"a15dad4\" data-element_type=\"widget\" data-settings=\"{&quot;_animation&quot;:&quot;fadeInRight&quot;}\" data-widget_type=\"ct_image.default\">\n\t\t\t\t<div class=\"elementor-widget-container\">\n\t\t\t\t\t<div class=\"ct-image-single\" data-wow-duration=\"1.2s\" data-wow-delay=\"ms\">\r\n                        <img fetchpriority=\"high\" decoding=\"async\" width=\"2560\" height=\"1439\" src=\"https:\/\/www.irhis-sn.com\/wp-content\/uploads\/2025\/09\/gray-pipe-with-water-coming-out-its-hole-scaled.jpg\" class=\"attachment-full\" alt=\"\" \/>            <\/div>\t\t\t\t<\/div>\n\t\t\t\t<\/div>\n\t\t            <\/div>\n        <\/div>\n                    <\/div>\n        <\/section>\n        \t\t<\/div>","protected":false},"excerpt":{"rendered":"<p>L\u2019approvisionnement en eau et de l\u2019assainissement sont des facteurs cl\u00e9s pour lutter contre la pauvret\u00e9 et \u00e9radiquer la faim dans de nombreux pays. IRHIS a d\u00e9velopp\u00e9 des missions innovantes d\u2019ing\u00e9nierie, de conception et de supervision de r\u00e9alisation de projets dans le domaine de l\u2019eau qui couvrent, entre autres, l\u2019adduction d\u2019eau, le stockage, les r\u00e9seaux de [&hellip;]<\/p>","protected":false},"author":1,"featured_media":0,"parent":3467,"menu_order":0,"comment_status":"closed","ping_status":"closed","template":"","meta":{"footnotes":""},"class_list":["post-340","page","type-page","status-publish","hentry"],"_links":{"self":[{"href":"https:\/\/www.irhis-sn.com\/en\/wp-json\/wp\/v2\/pages\/340","targetHints":{"allow":["GET"]}}],"collection":[{"href":"https:\/\/www.irhis-sn.com\/en\/wp-json\/wp\/v2\/pages"}],"about":[{"href":"https:\/\/www.irhis-sn.com\/en\/wp-json\/wp\/v2\/types\/page"}],"author":[{"embeddable":true,"href":"https:\/\/www.irhis-sn.com\/en\/wp-json\/wp\/v2\/users\/1"}],"replies":[{"embeddable":true,"href":"https:\/\/www.irhis-sn.com\/en\/wp-json\/wp\/v2\/comments?post=340"}],"version-history":[{"count":15,"href":"https:\/\/www.irhis-sn.com\/en\/wp-json\/wp\/v2\/pages\/340\/revisions"}],"predecessor-version":[{"id":5753,"href":"https:\/\/www.irhis-sn.com\/en\/wp-json\/wp\/v2\/pages\/340\/revisions\/5753"}],"up":[{"embeddable":true,"href":"https:\/\/www.irhis-sn.com\/en\/wp-json\/wp\/v2\/pages\/3467"}],"wp:attachment":[{"href":"https:\/\/www.irhis-sn.com\/en\/wp-json\/wp\/v2\/media?parent=340"}],"curies":[{"name":"wp","href":"https:\/\/api.w.org\/{rel}","templated":true}]}}