{"id":345,"date":"2016-08-30T00:31:35","date_gmt":"2016-08-29T22:31:35","guid":{"rendered":"http:\/\/www.irhis-sn.com\/ingenierie\/"},"modified":"2024-02-04T03:23:14","modified_gmt":"2024-02-04T03:23:14","slug":"ingenierie","status":"publish","type":"page","link":"https:\/\/www.irhis-sn.com\/en\/domaines-dactivites\/ingenierie\/","title":{"rendered":"Ing\u00e9nierie"},"content":{"rendered":"<div data-elementor-type=\"wp-page\" data-elementor-id=\"345\" class=\"elementor elementor-345\">\n\t\t\t\t        <section class=\"elementor-section elementor-top-section elementor-element elementor-element-abb04f7 elementor-section-boxed elementor-section-height-default elementor-section-height-default\" data-id=\"abb04f7\" data-element_type=\"section\">\n            \n                        <div class=\"elementor-container elementor-column-gap-default\">\n                    <div class=\"elementor-column elementor-col-50 elementor-top-column elementor-element elementor-element-9a355e7\" data-id=\"9a355e7\" data-element_type=\"column\">\n        <div class=\"elementor-widget-wrap elementor-element-populated\">\n                    \n        \t\t<div class=\"elementor-element elementor-element-019a180 elementor-widget elementor-widget-ct_text_editor\" data-id=\"019a180\" data-element_type=\"widget\" data-widget_type=\"ct_text_editor.default\">\n\t\t\t\t<div class=\"elementor-widget-container\">\n\t\t\t\t\t<div id=\"ct_text_editor-019a180\" class=\"ct-text-editor\">\n\t<div class=\"ct-item--inner\">\n\t\t<div class=\"ct-inline-css\"  data-css=\"\t        \">\n\t    <\/div>\n\t\t<div class=\"ct-text-editor elementor-clearfix\"><div class=\"wpb_text_column wpb_content_element\"><div class=\"wpb_wrapper\"><p style=\"text-align: justify\">Nos activit\u00e9s d\u2019ing\u00e9nieries couvrent tous les volets de nos m\u00e9tiers\u00a0: les b\u00e2timents et leurs installations techniques, les ponts, les ouvrages d\u2019art, les structures en m\u00e9tal, en b\u00e9ton arm\u00e9, en b\u00e9ton pr\u00e9contraint, en bois ou mixtes, les routes, les autoroutes, l\u2019adduction d\u2019eau, l\u2019assainissement, etc. Elles concernent la conception, le dimensionnement, les \u00e9tudes de stabilit\u00e9 des ouvrages, en prenant en compte toutes leurs sp\u00e9cificit\u00e9s ainsi que les contraintes et sollicitations auxquelles ils sont soumis. Nos ing\u00e9nieurs disposent d\u2019outils de conception, de dimensionnement et d\u2019optimisation performants et particuli\u00e8rement adapt\u00e9s aux calculs de structures les plus complexes.\u00a0 Les aspects g\u00e9otechniques et les conditions climatiques sont examin\u00e9s en d\u00e9tail et pris en compte dans nos \u00e9tudes. L\u2019objectif essentiel \u00e9tant d\u2019assurer la solidit\u00e9, la s\u00e9curit\u00e9, la durabilit\u00e9 et la fonctionnalit\u00e9 des ouvrages. Le confort dans l\u2019usage est aussi une de nos pr\u00e9occupations.<\/p><p style=\"text-align: justify\">Nos \u00e9tudes comprennent de fa\u00e7on g\u00e9n\u00e9rale les \u00e9tudes de d\u00e9finition et de faisabilit\u00e9 technico-\u00e9conomique, les \u00e9tudes d\u2019Avant-Projet Sommaire et D\u00e9taill\u00e9, l\u2019\u00e9laboration des dossiers de consultation des entreprises et les \u00e9tudes d\u2019ex\u00e9cution de tous les lots relatifs au projet.<\/p><\/div><\/div><\/div>\n\t<\/div>\n<\/div>\t\t\t\t<\/div>\n\t\t\t\t<\/div>\n\t\t            <\/div>\n        <\/div>\n                <div class=\"elementor-column elementor-col-50 elementor-top-column elementor-element elementor-element-0ffd36b\" data-id=\"0ffd36b\" data-element_type=\"column\">\n        <div class=\"elementor-widget-wrap elementor-element-populated\">\n                    \n        \t\t<div class=\"elementor-element elementor-element-7b81ab4 elementor-widget elementor-widget-spacer\" data-id=\"7b81ab4\" data-element_type=\"widget\" data-widget_type=\"spacer.default\">\n\t\t\t\t<div class=\"elementor-widget-container\">\n\t\t\t\t\t\t\t<div class=\"elementor-spacer\">\n\t\t\t<div class=\"elementor-spacer-inner\"><\/div>\n\t\t<\/div>\n\t\t\t\t\t\t<\/div>\n\t\t\t\t<\/div>\n\t\t\t\t<div class=\"elementor-element elementor-element-95b115e elementor-widget elementor-widget-ct_image\" data-id=\"95b115e\" data-element_type=\"widget\" data-widget_type=\"ct_image.default\">\n\t\t\t\t<div class=\"elementor-widget-container\">\n\t\t\t\t\t<div class=\"ct-image-single\" data-wow-duration=\"1.2s\" data-wow-delay=\"ms\">\r\n                        <img fetchpriority=\"high\" decoding=\"async\" width=\"1606\" height=\"1332\" src=\"https:\/\/www.irhis-sn.com\/wp-content\/uploads\/2024\/02\/young-african-man-working-office-business-e1707014785301.jpg\" class=\"attachment-full\" alt=\"\" \/>            <\/div>\t\t\t\t<\/div>\n\t\t\t\t<\/div>\n\t\t            <\/div>\n        <\/div>\n                    <\/div>\n        <\/section>\n                <section class=\"elementor-section elementor-top-section elementor-element elementor-element-aeeb941 elementor-section-boxed elementor-section-height-default elementor-section-height-default\" data-id=\"aeeb941\" data-element_type=\"section\">\n            \n                        <div class=\"elementor-container elementor-column-gap-default\">\n                    <div class=\"elementor-column elementor-col-100 elementor-top-column elementor-element elementor-element-2aa8808\" data-id=\"2aa8808\" data-element_type=\"column\">\n        <div class=\"elementor-widget-wrap elementor-element-populated\">\n                    \n        \t\t<div class=\"elementor-element elementor-element-599a142 elementor-widget-divider--separator-type-pattern elementor-widget-divider--bg-round elementor-widget-divider--view-line elementor-widget elementor-widget-divider\" data-id=\"599a142\" data-element_type=\"widget\" data-widget_type=\"divider.default\">\n\t\t\t\t<div class=\"elementor-widget-container\">\n\t\t\t\t\t\t\t<div class=\"elementor-divider\" style=\"--divider-pattern-url: url(&quot;data:image\/svg+xml,%3Csvg xmlns=&#039;http:\/\/www.w3.org\/2000\/svg&#039; preserveAspectRatio=&#039;none&#039; overflow=&#039;visible&#039; height=&#039;100%&#039; viewBox=&#039;0 0 60 30&#039; fill=&#039;black&#039; stroke=&#039;none&#039;%3E%3Crect x=&#039;15&#039; y=&#039;0&#039; width=&#039;30&#039; height=&#039;30&#039;\/%3E%3C\/svg%3E&quot;);\">\n\t\t\t<span class=\"elementor-divider-separator\">\n\t\t\t\t\t\t<\/span>\n\t\t<\/div>\n\t\t\t\t\t\t<\/div>\n\t\t\t\t<\/div>\n\t\t            <\/div>\n        <\/div>\n                    <\/div>\n        <\/section>\n                <section class=\"elementor-section elementor-top-section elementor-element elementor-element-db71ac3 elementor-section-boxed elementor-section-height-default elementor-section-height-default\" data-id=\"db71ac3\" data-element_type=\"section\" data-settings=\"{&quot;background_background&quot;:&quot;video&quot;,&quot;background_video_link&quot;:&quot;https:\\\/\\\/www.irhis-sn.com\\\/wp-content\\\/uploads\\\/2024\\\/02\\\/2487179_Hands_Professional_Design_3840x2160.mp4&quot;}\">\n                                <div class=\"elementor-background-video-container elementor-hidden-phone\">\n                                                    <video class=\"elementor-background-video-hosted elementor-html5-video\" autoplay muted playsinline loop><\/video>\n                                            <\/div>\n                                    <div class=\"elementor-background-overlay\"><\/div>\n                \n                        <div class=\"elementor-container elementor-column-gap-default\">\n                    <div class=\"elementor-column elementor-col-33 elementor-top-column elementor-element elementor-element-118999d\" data-id=\"118999d\" data-element_type=\"column\">\n        <div class=\"elementor-widget-wrap\">\n                    \n                    <\/div>\n        <\/div>\n                <div class=\"elementor-column elementor-col-33 elementor-top-column elementor-element elementor-element-b7e152c\" data-id=\"b7e152c\" data-element_type=\"column\">\n        <div class=\"elementor-widget-wrap elementor-element-populated\">\n                    \n        \t\t<div class=\"elementor-element elementor-element-e1d6598 elementor-widget elementor-widget-ct_text_editor\" data-id=\"e1d6598\" data-element_type=\"widget\" data-widget_type=\"ct_text_editor.default\">\n\t\t\t\t<div class=\"elementor-widget-container\">\n\t\t\t\t\t<div id=\"ct_text_editor-e1d6598\" class=\"ct-text-editor\">\n\t<div class=\"ct-item--inner\">\n\t\t<div class=\"ct-inline-css\"  data-css=\"\t        \">\n\t    <\/div>\n\t\t<div class=\"ct-text-editor elementor-clearfix\"><p>Nos activit\u00e9s d\u2019ing\u00e9nierie portent sur\u00a0:<\/p><ul><li>les b\u00e2timents (faisabilit\u00e9 technico-\u00e9conomique, conception, \u00e9laboration des dossiers APS, APD et DCE, s\u00e9curit\u00e9 incendie, dimensionnement, \u00e9coconstruction, efficacit\u00e9 \u00e9nerg\u00e9tique, HQE, etc.)\u00a0;<\/li><li>les ouvrages de protection c\u00f4ti\u00e8res\u00a0: brise-lames, \u00e9pis, digues, etc.\u00a0;<\/li><li>les ponts et ouvrages d\u2019art\u00a0;<\/li><li>les routes\u00a0: routes bitum\u00e9es, routes en terre;<\/li><li>les autoroutes, tunnels, ports et a\u00e9roports\u00a0;<\/li><li>les ouvrages hydrauliques\u00a0: station de pompages, d\u2019\u00e9puration ou de traitement d\u2019eaux us\u00e9es, r\u00e9seaux d\u2019adduction d\u2019eau et d\u2019assainissement, ouvrages hydrauliques divers, etc.\u00a0;<\/li><li>les barrages, digues, ouvrages portuaires\u00a0;<\/li><li>etc.<\/li><\/ul><p>A chaque \u00e9tape de ses \u00e9tudes, IRHIS favorise une approche globale, int\u00e9gr\u00e9e et multidisciplinaire du projet dans une constante optimisation de ses performances techniques, \u00e9conomiques et environnementales.<\/p><\/div>\n\t<\/div>\n<\/div>\t\t\t\t<\/div>\n\t\t\t\t<\/div>\n\t\t            <\/div>\n        <\/div>\n                <div class=\"elementor-column elementor-col-33 elementor-top-column elementor-element elementor-element-aad2ae8\" data-id=\"aad2ae8\" data-element_type=\"column\">\n        <div class=\"elementor-widget-wrap\">\n                    \n                    <\/div>\n        <\/div>\n                    <\/div>\n        <\/section>\n        \t\t<\/div>","protected":false},"excerpt":{"rendered":"<p>Nos activit\u00e9s d\u2019ing\u00e9nieries couvrent tous les volets de nos m\u00e9tiers\u00a0: les b\u00e2timents et leurs installations techniques, les ponts, les ouvrages d\u2019art, les structures en m\u00e9tal, en b\u00e9ton arm\u00e9, en b\u00e9ton pr\u00e9contraint, en bois ou mixtes, les routes, les autoroutes, l\u2019adduction d\u2019eau, l\u2019assainissement, etc. Elles concernent la conception, le dimensionnement, les \u00e9tudes de stabilit\u00e9 des ouvrages, [&hellip;]<\/p>","protected":false},"author":1,"featured_media":0,"parent":3467,"menu_order":0,"comment_status":"closed","ping_status":"closed","template":"","meta":{"footnotes":""},"class_list":["post-345","page","type-page","status-publish","hentry"],"_links":{"self":[{"href":"https:\/\/www.irhis-sn.com\/en\/wp-json\/wp\/v2\/pages\/345","targetHints":{"allow":["GET"]}}],"collection":[{"href":"https:\/\/www.irhis-sn.com\/en\/wp-json\/wp\/v2\/pages"}],"about":[{"href":"https:\/\/www.irhis-sn.com\/en\/wp-json\/wp\/v2\/types\/page"}],"author":[{"embeddable":true,"href":"https:\/\/www.irhis-sn.com\/en\/wp-json\/wp\/v2\/users\/1"}],"replies":[{"embeddable":true,"href":"https:\/\/www.irhis-sn.com\/en\/wp-json\/wp\/v2\/comments?post=345"}],"version-history":[{"count":24,"href":"https:\/\/www.irhis-sn.com\/en\/wp-json\/wp\/v2\/pages\/345\/revisions"}],"predecessor-version":[{"id":5076,"href":"https:\/\/www.irhis-sn.com\/en\/wp-json\/wp\/v2\/pages\/345\/revisions\/5076"}],"up":[{"embeddable":true,"href":"https:\/\/www.irhis-sn.com\/en\/wp-json\/wp\/v2\/pages\/3467"}],"wp:attachment":[{"href":"https:\/\/www.irhis-sn.com\/en\/wp-json\/wp\/v2\/media?parent=345"}],"curies":[{"name":"wp","href":"https:\/\/api.w.org\/{rel}","templated":true}]}}