{"id":403,"date":"2016-08-30T04:57:41","date_gmt":"2016-08-30T02:57:41","guid":{"rendered":"http:\/\/www.irhis-sn.com\/?page_id=403"},"modified":"2025-09-11T18:02:34","modified_gmt":"2025-09-11T18:02:34","slug":"etudes","status":"publish","type":"page","link":"https:\/\/www.irhis-sn.com\/en\/nos-missions\/etudes\/","title":{"rendered":"Etudes"},"content":{"rendered":"<div data-elementor-type=\"wp-page\" data-elementor-id=\"403\" class=\"elementor elementor-403\">\n\t\t\t\t        <section class=\"elementor-section elementor-top-section elementor-element elementor-element-16d7cc7 elementor-section-boxed elementor-section-height-default elementor-section-height-default\" data-id=\"16d7cc7\" data-element_type=\"section\">\n            \n                        <div class=\"elementor-container elementor-column-gap-default\">\n                    <div class=\"elementor-column elementor-col-25 elementor-top-column elementor-element elementor-element-d1a66ca\" data-id=\"d1a66ca\" data-element_type=\"column\">\n        <div class=\"elementor-widget-wrap\">\n                    \n                    <\/div>\n        <\/div>\n                <div class=\"elementor-column elementor-col-25 elementor-top-column elementor-element elementor-element-2b47605\" data-id=\"2b47605\" data-element_type=\"column\">\n        <div class=\"elementor-widget-wrap elementor-element-populated\">\n                    \n        \t\t<div class=\"elementor-element elementor-element-e96b296 elementor-widget__width-initial elementor-widget elementor-widget-ct_text_editor\" data-id=\"e96b296\" data-element_type=\"widget\" data-widget_type=\"ct_text_editor.default\">\n\t\t\t\t<div class=\"elementor-widget-container\">\n\t\t\t\t\t<div id=\"ct_text_editor-e96b296\" class=\"ct-text-editor\">\n\t<div class=\"ct-item--inner\">\n\t\t<div class=\"ct-inline-css\"  data-css=\"\t        \">\n\t    <\/div>\n\t\t<div class=\"ct-text-editor elementor-clearfix\"><div><ul><li>\u00c9tudes de d\u00e9finition et de faisabilit\u00e9\u00a0;<\/li><\/ul><\/div><ul><li>\u00c9tudes d\u2019Avant-Projet Sommaire et D\u00e9taill\u00e9\u00a0;<\/li><\/ul><div><ul><li>\u00c9tudes d\u2019ex\u00e9cution\u00a0;<\/li><\/ul><\/div><div><ul><li>\u00c9laboration des dossiers de consultation des entreprises\u00a0;<\/li><\/ul><\/div><ul><li>\u00c9tudes techniques d\u2019ex\u00e9cution\u00a0;<\/li><\/ul><\/div>\n\t<\/div>\n<\/div>\t\t\t\t<\/div>\n\t\t\t\t<\/div>\n\t\t            <\/div>\n        <\/div>\n                <div class=\"elementor-column elementor-col-25 elementor-top-column elementor-element elementor-element-d07c13a\" data-id=\"d07c13a\" data-element_type=\"column\">\n        <div class=\"elementor-widget-wrap elementor-element-populated\">\n                    \n        \t\t<div class=\"elementor-element elementor-element-9c157da elementor-widget__width-initial elementor-widget elementor-widget-ct_image\" data-id=\"9c157da\" data-element_type=\"widget\" data-widget_type=\"ct_image.default\">\n\t\t\t\t<div class=\"elementor-widget-container\">\n\t\t\t\t\t<div class=\"ct-image-single\" data-wow-duration=\"1.2s\" data-wow-delay=\"ms\">\r\n                        <img fetchpriority=\"high\" decoding=\"async\" width=\"2560\" height=\"1780\" src=\"https:\/\/www.irhis-sn.com\/wp-content\/uploads\/2025\/09\/helmet-drafting-tools-scaled-e1757613727122.jpg\" class=\"attachment-full\" alt=\"\" \/>            <\/div>\t\t\t\t<\/div>\n\t\t\t\t<\/div>\n\t\t            <\/div>\n        <\/div>\n                <div class=\"elementor-column elementor-col-25 elementor-top-column elementor-element elementor-element-660b283\" data-id=\"660b283\" data-element_type=\"column\">\n        <div class=\"elementor-widget-wrap\">\n                    \n                    <\/div>\n        <\/div>\n                    <\/div>\n        <\/section>\n                <section class=\"elementor-section elementor-top-section elementor-element elementor-element-b355e37 elementor-section-boxed elementor-section-height-default elementor-section-height-default\" data-id=\"b355e37\" data-element_type=\"section\">\n            \n                        <div class=\"elementor-container elementor-column-gap-default\">\n                    <div class=\"elementor-column elementor-col-100 elementor-top-column elementor-element elementor-element-582ec09\" data-id=\"582ec09\" data-element_type=\"column\">\n        <div class=\"elementor-widget-wrap elementor-element-populated\">\n                    \n        \t\t<div class=\"elementor-element elementor-element-a94ac63 elementor-widget-divider--separator-type-pattern elementor-widget-divider--bg-round elementor-widget-divider--view-line elementor-widget elementor-widget-divider\" data-id=\"a94ac63\" data-element_type=\"widget\" data-widget_type=\"divider.default\">\n\t\t\t\t<div class=\"elementor-widget-container\">\n\t\t\t\t\t\t\t<div class=\"elementor-divider\" style=\"--divider-pattern-url: url(&quot;data:image\/svg+xml,%3Csvg xmlns=&#039;http:\/\/www.w3.org\/2000\/svg&#039; preserveAspectRatio=&#039;none&#039; overflow=&#039;visible&#039; height=&#039;100%&#039; viewBox=&#039;0 0 60 30&#039; fill=&#039;black&#039; stroke=&#039;none&#039;%3E%3Crect x=&#039;15&#039; y=&#039;0&#039; width=&#039;30&#039; height=&#039;30&#039;\/%3E%3C\/svg%3E&quot;);\">\n\t\t\t<span class=\"elementor-divider-separator\">\n\t\t\t\t\t\t<\/span>\n\t\t<\/div>\n\t\t\t\t\t\t<\/div>\n\t\t\t\t<\/div>\n\t\t            <\/div>\n        <\/div>\n                    <\/div>\n        <\/section>\n                <section class=\"elementor-section elementor-top-section elementor-element elementor-element-ddb804f elementor-section-boxed elementor-section-height-default elementor-section-height-default\" data-id=\"ddb804f\" data-element_type=\"section\">\n            \n                        <div class=\"elementor-container elementor-column-gap-default\">\n                    <div class=\"elementor-column elementor-col-100 elementor-top-column elementor-element elementor-element-a2413da\" data-id=\"a2413da\" data-element_type=\"column\">\n        <div class=\"elementor-widget-wrap elementor-element-populated\">\n                    \n        \t\t<div class=\"elementor-element elementor-element-9351f36 elementor-widget__width-initial elementor-widget elementor-widget-ct_image\" data-id=\"9351f36\" data-element_type=\"widget\" data-widget_type=\"ct_image.default\">\n\t\t\t\t<div class=\"elementor-widget-container\">\n\t\t\t\t\t<div class=\"ct-image-single\" data-wow-duration=\"1.2s\" data-wow-delay=\"ms\">\r\n                        <img decoding=\"async\" width=\"2560\" height=\"679\" src=\"https:\/\/www.irhis-sn.com\/wp-content\/uploads\/2020\/11\/AdobeStock_172822830-scaled-1.jpg\" class=\"attachment-full\" alt=\"\" \/>            <\/div>\t\t\t\t<\/div>\n\t\t\t\t<\/div>\n\t\t            <\/div>\n        <\/div>\n                    <\/div>\n        <\/section>\n        \t\t<\/div>","protected":false},"excerpt":{"rendered":"<p>\u00c9tudes de d\u00e9finition et de faisabilit\u00e9\u00a0; \u00c9tudes d\u2019Avant-Projet Sommaire et D\u00e9taill\u00e9\u00a0; \u00c9tudes d\u2019ex\u00e9cution\u00a0; \u00c9laboration des dossiers de consultation des entreprises\u00a0; \u00c9tudes techniques d\u2019ex\u00e9cution\u00a0;<\/p>","protected":false},"author":1,"featured_media":0,"parent":659,"menu_order":0,"comment_status":"closed","ping_status":"closed","template":"","meta":{"footnotes":""},"class_list":["post-403","page","type-page","status-publish","hentry"],"_links":{"self":[{"href":"https:\/\/www.irhis-sn.com\/en\/wp-json\/wp\/v2\/pages\/403","targetHints":{"allow":["GET"]}}],"collection":[{"href":"https:\/\/www.irhis-sn.com\/en\/wp-json\/wp\/v2\/pages"}],"about":[{"href":"https:\/\/www.irhis-sn.com\/en\/wp-json\/wp\/v2\/types\/page"}],"author":[{"embeddable":true,"href":"https:\/\/www.irhis-sn.com\/en\/wp-json\/wp\/v2\/users\/1"}],"replies":[{"embeddable":true,"href":"https:\/\/www.irhis-sn.com\/en\/wp-json\/wp\/v2\/comments?post=403"}],"version-history":[{"count":18,"href":"https:\/\/www.irhis-sn.com\/en\/wp-json\/wp\/v2\/pages\/403\/revisions"}],"predecessor-version":[{"id":5768,"href":"https:\/\/www.irhis-sn.com\/en\/wp-json\/wp\/v2\/pages\/403\/revisions\/5768"}],"up":[{"embeddable":true,"href":"https:\/\/www.irhis-sn.com\/en\/wp-json\/wp\/v2\/pages\/659"}],"wp:attachment":[{"href":"https:\/\/www.irhis-sn.com\/en\/wp-json\/wp\/v2\/media?parent=403"}],"curies":[{"name":"wp","href":"https:\/\/api.w.org\/{rel}","templated":true}]}}