{"id":407,"date":"2016-08-30T04:59:03","date_gmt":"2016-08-30T02:59:03","guid":{"rendered":"http:\/\/www.irhis-sn.com\/?page_id=407"},"modified":"2024-10-17T18:48:09","modified_gmt":"2024-10-17T18:48:09","slug":"assistance-a-la-maitrise-douvrage","status":"publish","type":"page","link":"https:\/\/www.irhis-sn.com\/en\/nos-missions\/assistance-a-la-maitrise-douvrage\/","title":{"rendered":"Assistance \u00e0 la ma\u00eetrise d&#8217;ouvrage"},"content":{"rendered":"<div data-elementor-type=\"wp-page\" data-elementor-id=\"407\" class=\"elementor elementor-407\">\n\t\t\t\t        <section class=\"elementor-section elementor-top-section elementor-element elementor-element-88bbe1c elementor-section-boxed elementor-section-height-default elementor-section-height-default\" data-id=\"88bbe1c\" data-element_type=\"section\">\n            \n                        <div class=\"elementor-container elementor-column-gap-default\">\n                    <div class=\"elementor-column elementor-col-50 elementor-top-column elementor-element elementor-element-20b48ff\" data-id=\"20b48ff\" data-element_type=\"column\">\n        <div class=\"elementor-widget-wrap elementor-element-populated\">\n                    \n        \t\t<div class=\"elementor-element elementor-element-bbe064d elementor-widget elementor-widget-ct_text_editor\" data-id=\"bbe064d\" data-element_type=\"widget\" data-widget_type=\"ct_text_editor.default\">\n\t\t\t\t<div class=\"elementor-widget-container\">\n\t\t\t\t\t<div id=\"ct_text_editor-bbe064d\" class=\"ct-text-editor\">\n\t<div class=\"ct-item--inner\">\n\t\t<div class=\"ct-inline-css\"  data-css=\"\t        \">\n\t    <\/div>\n\t\t<div class=\"ct-text-editor elementor-clearfix\"><p style=\"text-align: justify\">Pour la r\u00e9alisation et la s\u00e9curisation de leur investissement, IRHIS met \u00e0 la disposition des maitres d\u2019ouvrage des services d\u2019assistance pour r\u00e9alisation de leurs projets dans le respect des normes et r\u00e8gles de construction ainsi de celui des objectifs de d\u00e9lais et des co\u00fbts. <u><\/u><u><\/u><\/p><p style=\"text-align: justify\">IRHIS intervient alors comme v\u00e9ritable partenaire de confiance dans le cadre de la conduite d\u2019op\u00e9rations publiques ou priv\u00e9es.<u><\/u><u><\/u><\/p><p style=\"text-align: justify\">IRHIS contr\u00f4le les prestations, assure le suivi financier de l\u2019op\u00e9ration, formalise les objectifs, guide les choix et assiste le ma\u00eetre d\u2019ouvrage \u00e0 prendre les bonnes d\u00e9cisions dans des d\u00e9lais compatibles avec le d\u00e9roulement des \u00e9tudes et des travaux.<\/p><p style=\"text-align: justify\">Pour la r\u00e9alisation et la s\u00e9curisation de leur investissement, IRHIS met \u00e0 la disposition des maitres d\u2019ouvrage des services d\u2019assistance pour r\u00e9alisation de leurs projets dans le respect des normes et r\u00e8gles de construction ainsi de celui des objectifs de d\u00e9lais et des co\u00fbts. <u><\/u><u><\/u><\/p><p style=\"text-align: justify\">IRHIS intervient alors comme v\u00e9ritable partenaire de confiance dans le cadre de la conduite d\u2019op\u00e9rations publiques ou priv\u00e9es.<u><\/u><u><\/u><\/p><p style=\"text-align: justify\">IRHIS contr\u00f4le les prestations, assure le suivi financier de l\u2019op\u00e9ration, formalise les objectifs, guide les choix et assiste le ma\u00eetre d\u2019ouvrage \u00e0 prendre les bonnes d\u00e9cisions dans des d\u00e9lais compatibles avec le d\u00e9roulement des \u00e9tudes et des travaux.<\/p><\/div>\n\t<\/div>\n<\/div>\t\t\t\t<\/div>\n\t\t\t\t<\/div>\n\t\t            <\/div>\n        <\/div>\n                <div class=\"elementor-column elementor-col-50 elementor-top-column elementor-element elementor-element-0270cf2\" data-id=\"0270cf2\" data-element_type=\"column\">\n        <div class=\"elementor-widget-wrap elementor-element-populated\">\n                    \n        \t\t<div class=\"elementor-element elementor-element-086404f elementor-widget elementor-widget-ct_image\" data-id=\"086404f\" data-element_type=\"widget\" data-widget_type=\"ct_image.default\">\n\t\t\t\t<div class=\"elementor-widget-container\">\n\t\t\t\t\t<div class=\"ct-image-single\" data-wow-duration=\"1.2s\" data-wow-delay=\"ms\">\r\n                        <img fetchpriority=\"high\" decoding=\"async\" width=\"1625\" height=\"1872\" src=\"https:\/\/www.irhis-sn.com\/wp-content\/uploads\/2024\/10\/engineer-manager-tablet-black-man-working-construction-strategy-plan-maintenance-inspection-building-online-report-african-man-architect-contractor-site-planner-digital-tech-e1729190859921.png\" class=\"attachment-full\" alt=\"\" \/>            <\/div>\t\t\t\t<\/div>\n\t\t\t\t<\/div>\n\t\t            <\/div>\n        <\/div>\n                    <\/div>\n        <\/section>\n                <section class=\"elementor-section elementor-top-section elementor-element elementor-element-b57da51 elementor-section-boxed elementor-section-height-default elementor-section-height-default\" data-id=\"b57da51\" data-element_type=\"section\">\n            \n                        <div class=\"elementor-container elementor-column-gap-default\">\n                    <div class=\"elementor-column elementor-col-100 elementor-top-column elementor-element elementor-element-1084895\" data-id=\"1084895\" data-element_type=\"column\">\n        <div class=\"elementor-widget-wrap elementor-element-populated\">\n                    \n        \t\t<div class=\"elementor-element elementor-element-7e74cd7 elementor-widget-divider--view-line elementor-widget elementor-widget-divider\" data-id=\"7e74cd7\" data-element_type=\"widget\" data-widget_type=\"divider.default\">\n\t\t\t\t<div class=\"elementor-widget-container\">\n\t\t\t\t\t\t\t<div class=\"elementor-divider\">\n\t\t\t<span class=\"elementor-divider-separator\">\n\t\t\t\t\t\t<\/span>\n\t\t<\/div>\n\t\t\t\t\t\t<\/div>\n\t\t\t\t<\/div>\n\t\t            <\/div>\n        <\/div>\n                    <\/div>\n        <\/section>\n                <section class=\"elementor-section elementor-top-section elementor-element elementor-element-d652a7b elementor-section-boxed elementor-section-height-default elementor-section-height-default\" data-id=\"d652a7b\" data-element_type=\"section\">\n            \n                        <div class=\"elementor-container elementor-column-gap-default\">\n                    <div class=\"elementor-column elementor-col-100 elementor-top-column elementor-element elementor-element-fef4f92\" data-id=\"fef4f92\" data-element_type=\"column\">\n        <div class=\"elementor-widget-wrap elementor-element-populated\">\n                    \n        \t\t<div class=\"elementor-element elementor-element-59737ac elementor-widget elementor-widget-spacer\" data-id=\"59737ac\" data-element_type=\"widget\" data-widget_type=\"spacer.default\">\n\t\t\t\t<div class=\"elementor-widget-container\">\n\t\t\t\t\t\t\t<div class=\"elementor-spacer\">\n\t\t\t<div class=\"elementor-spacer-inner\"><\/div>\n\t\t<\/div>\n\t\t\t\t\t\t<\/div>\n\t\t\t\t<\/div>\n\t\t\t\t<div class=\"elementor-element elementor-element-17a1ac8 elementor-widget elementor-widget-ct_tabs\" data-id=\"17a1ac8\" data-element_type=\"widget\" data-widget_type=\"ct_tabs.default\">\n\t\t\t\t<div class=\"elementor-widget-container\">\n\t\t\t\t\t<div class=\"ct-tabs ct-tabs--layout1 style5\">\n    <div class=\"ct-tabs-title\">\n                    <span class=\"ct-tab-title active\" data-target=\"#894194f\">\n                                                La phase de d\u00e9finition du programme        \n            <\/span>\n                    <span class=\"ct-tab-title\" data-target=\"#99649b6\">\n                                                La phase de consultation des ma\u00eetres d'oeuvre        \n            <\/span>\n                    <span class=\"ct-tab-title\" data-target=\"#acbcf57\">\n                                                La phase suivi des \u00e9tudes        \n            <\/span>\n                    <span class=\"ct-tab-title\" data-target=\"#1b99445\">\n                                                La phase suivi des travaux        \n            <\/span>\n            <\/div>\n\n    <div class=\"ct-tabs-content\">\n                    <div class=\"ct-tab-content\" id=\"894194f\" style=\"display:block;\">\n<ul>\n \t<li>Analyse des besoins et aide \u00e0 leurs d\u00e9finitions, formalisation des objectifs du maitre d\u2019ouvrage ;<\/li>\n \t<li>D\u00e9finition du programme de reconnaissance de terrains et analyse du contexte pour appr\u00e9hender les attentes du ma\u00eetre d\u2019ouvrage ;<\/li>\n \t<li>Recueil des donn\u00e9es disponibles et r\u00e9alisation d\u2019un diagnostic simple (sans \u00e9tude d\u2019expertise) avec analyse du site ou de l\u2019\u00e9quipement et des contraintes\u00a0 \u00a0 \u00a0 \u00a0 \u00a0 \u00a0 \u00a0 \u00a0 \u00a0 \u00a0 \u00a0r\u00e9glementaires ;<\/li>\n \t<li>R\u00e9alisation de pr\u00e9-\u00e9tudes (esquisses) ou d\u2019\u00e9tudes de diff\u00e9rents sc\u00e9narios ou opportunit\u00e9s pour orienter les choix techniques, juridiques et financiers de\u00a0 \u00a0 \u00a0 \u00a0 \u00a0 \u00a0 \u00a0 \u00a0 \u00a0 \u00a0 \u00a0 \u00a0 \u00a0 r\u00e9alisation\u00a0 du projet ;<\/li>\n \t<li>Assistance du ma\u00eetre d\u2019ouvrage dans la d\u00e9finition du pr\u00e9-programme ou programme de son projet ;<\/li>\n \t<li>R\u00e9daction du pr\u00e9-programme ou programme d\u00e9crivant l\u2019op\u00e9ration, les objectifs, le parti d\u2019am\u00e9nagement, les attentes, les contraintes, l\u2019enveloppe financi\u00e8re, la\u00a0 \u00a0 \u00a0 \u00a0 \u00a0 \u00a0 \u00a0 \u00a0planification, les proc\u00e9dures\u2026.<\/li><\/div>\n                    <div class=\"ct-tab-content\" id=\"99649b6\"><ul>\n \t<li>R\u00e9daction du dossier complet de consultation des ma\u00eetres d\u2019\u0153uvre ;<\/li>\n \t<li>Assistance durant la consultation (avis de publicit\u00e9, r\u00e9ponse aux questions des bureaux d\u2019\u00e9tude, etc. \u2026) ;<\/li>\n \t<li>Assistance lors de l\u2019ouverture des offres, analyse des offres et r\u00e9daction du rapport d\u2019analyse ;<\/li>\n \t<li>Assistance au montage administratif du march\u00e9 de ma\u00eetrise d\u2019\u0153uvre r\u00e9sultant du choix du ma\u00eetre d\u2019ouvrage.<\/li>\n<\/ul>\n<\/div>\n                    <div class=\"ct-tab-content\" id=\"acbcf57\"><ul>\n \t<li>Organisation des r\u00e9unions d\u2019avancement avec le ma\u00eetre d\u2019\u0153uvre, r\u00e9daction des comptes-rendus ;<\/li>\n \t<li>Assistance aux choix techniques \u00e0 op\u00e9rer durant les \u00e9tudes et aide \u00e0 la d\u00e9cision ;<\/li>\n \t<li>V\u00e9rification de l\u2019application des dispositions du contrat de ma\u00eetrise d\u2019\u0153uvre ;<\/li>\n \t<li>Assistance \u00e0 la gestion administrative du march\u00e9 de ma\u00eetrise d\u2019\u0153uvre ;<\/li>\n \t<li>V\u00e9rification des documents \u00e0 produire par le ma\u00eetre d\u2019\u0153uvre en application du contrat, de leur conformit\u00e9 au dit contrat ;<\/li>\n \t<li>V\u00e9rification des projets de d\u00e9comptes pr\u00e9sent\u00e9s par le ma\u00eetre d\u2019\u0153uvre ;<\/li>\n \t<li>Assistance pour choisir les prestataires externes n\u00e9cessaires afin que le ma\u00eetre d\u2019\u0153uvre puisse mener \u00e0 bien les \u00e9tudes ;<\/li>\n \t<li>Coordination avec les intervenants externes ;<\/li>\n \t<li>Assistance pour le montage des dossiers, la sollicitation des autorisations administratives, etc \u2026<\/li>\n \t<li>Assistance durant la phase consultation des entreprises de travaux ;<\/li>\n<\/div>\n                    <div class=\"ct-tab-content\" id=\"1b99445\">\n<ul>\n \t<li style=\"text-align: justify;\">V\u00e9rification des dispositions prises par le ma\u00eetre d\u2019\u0153uvre qui a la charge de la direction des travaux ;<\/li>\n \t<li style=\"text-align: justify;\">Participation aux r\u00e9unions de chantier durant les phases clefs (d\u00e9marrage, point singulier, essais de r\u00e9ception, etc \u2026) ;<\/li>\n \t<li style=\"text-align: justify;\">Assistance pour choisir les prestataires externes aux entreprises de travaux n\u00e9cessaires durant la phase travaux (mission SPS, contr\u00f4le technique, etc \u2026) ;<\/li>\n \t<li style=\"text-align: justify;\">V\u00e9rification du respect du planning, des d\u00e9lais, des enveloppes financi\u00e8res ;<\/li>\n \t<li style=\"text-align: justify;\">Assistance au ma\u00eetre d\u2019ouvrage dans les \u00e9tapes de r\u00e9ception des travaux ;<\/li>\n \t<li style=\"text-align: justify;\">Assistance sur le suivi de la lev\u00e9e des r\u00e9serves formul\u00e9es lors de la r\u00e9ception des travaux ;<\/li>\n \t<li style=\"text-align: justify;\">Assistance \u00e0 l\u2019examen des d\u00e9sordres signal\u00e9s par le ma\u00eetre de l\u2019ouvrage durant l\u2019ann\u00e9e de parfait ach\u00e8vement.<\/li>\n<\/ul>\n<\/div>\n            <\/div>\n<\/div>\t\t\t\t<\/div>\n\t\t\t\t<\/div>\n\t\t            <\/div>\n        <\/div>\n                    <\/div>\n        <\/section>\n        \t\t<\/div>","protected":false},"excerpt":{"rendered":"<p>Pour la r\u00e9alisation et la s\u00e9curisation de leur investissement, IRHIS met \u00e0 la disposition des maitres d\u2019ouvrage des services d\u2019assistance pour r\u00e9alisation de leurs projets dans le respect des normes et r\u00e8gles de construction ainsi de celui des objectifs de d\u00e9lais et des co\u00fbts. IRHIS intervient alors comme v\u00e9ritable partenaire de confiance dans le cadre [&hellip;]<\/p>","protected":false},"author":1,"featured_media":0,"parent":659,"menu_order":0,"comment_status":"closed","ping_status":"closed","template":"","meta":{"footnotes":""},"class_list":["post-407","page","type-page","status-publish","hentry"],"_links":{"self":[{"href":"https:\/\/www.irhis-sn.com\/en\/wp-json\/wp\/v2\/pages\/407","targetHints":{"allow":["GET"]}}],"collection":[{"href":"https:\/\/www.irhis-sn.com\/en\/wp-json\/wp\/v2\/pages"}],"about":[{"href":"https:\/\/www.irhis-sn.com\/en\/wp-json\/wp\/v2\/types\/page"}],"author":[{"embeddable":true,"href":"https:\/\/www.irhis-sn.com\/en\/wp-json\/wp\/v2\/users\/1"}],"replies":[{"embeddable":true,"href":"https:\/\/www.irhis-sn.com\/en\/wp-json\/wp\/v2\/comments?post=407"}],"version-history":[{"count":21,"href":"https:\/\/www.irhis-sn.com\/en\/wp-json\/wp\/v2\/pages\/407\/revisions"}],"predecessor-version":[{"id":5496,"href":"https:\/\/www.irhis-sn.com\/en\/wp-json\/wp\/v2\/pages\/407\/revisions\/5496"}],"up":[{"embeddable":true,"href":"https:\/\/www.irhis-sn.com\/en\/wp-json\/wp\/v2\/pages\/659"}],"wp:attachment":[{"href":"https:\/\/www.irhis-sn.com\/en\/wp-json\/wp\/v2\/media?parent=407"}],"curies":[{"name":"wp","href":"https:\/\/api.w.org\/{rel}","templated":true}]}}