{"id":411,"date":"2016-08-30T05:01:11","date_gmt":"2016-08-30T03:01:11","guid":{"rendered":"http:\/\/www.irhis-sn.com\/?page_id=411"},"modified":"2024-10-17T18:52:05","modified_gmt":"2024-10-17T18:52:05","slug":"maitrise-doeuvre","status":"publish","type":"page","link":"https:\/\/www.irhis-sn.com\/en\/nos-missions\/maitrise-doeuvre\/","title":{"rendered":"Maitrise d\u2019\u0153uvre"},"content":{"rendered":"<div data-elementor-type=\"wp-page\" data-elementor-id=\"411\" class=\"elementor elementor-411\">\n\t\t\t\t        <section class=\"elementor-section elementor-top-section elementor-element elementor-element-4d20df2 elementor-section-boxed elementor-section-height-default elementor-section-height-default\" data-id=\"4d20df2\" data-element_type=\"section\">\n            \n                        <div class=\"elementor-container elementor-column-gap-default\">\n                    <div class=\"elementor-column elementor-col-50 elementor-top-column elementor-element elementor-element-205e089\" data-id=\"205e089\" data-element_type=\"column\">\n        <div class=\"elementor-widget-wrap elementor-element-populated\">\n                    \n        \t\t<div class=\"elementor-element elementor-element-fe876f2 elementor-widget elementor-widget-ct_text_editor\" data-id=\"fe876f2\" data-element_type=\"widget\" data-widget_type=\"ct_text_editor.default\">\n\t\t\t\t<div class=\"elementor-widget-container\">\n\t\t\t\t\t<div id=\"ct_text_editor-fe876f2\" class=\"ct-text-editor\">\n\t<div class=\"ct-item--inner\">\n\t\t<div class=\"ct-inline-css\"  data-css=\"\t        \">\n\t    <\/div>\n\t\t<div class=\"ct-text-editor elementor-clearfix\"><p style=\"text-align: justify\">IRHIS g\u00e8re de mani\u00e8re efficiente et rigoureuse, les d\u00e9lais, les co\u00fbts, la qualit\u00e9 et les risques associ\u00e9s \u00e0 tout projet, quel que soit son envergure. Nous mettons en \u0153uvre des outils de suivi et de contr\u00f4le, \u00e9valuons le rendement et influen\u00e7ons positivement les facteurs de succ\u00e8s de chaque projet. Nous assurons une saine gestion des risques pouvant avoir une r\u00e9percussion sur la conception et l\u2019ex\u00e9cution des projets.<\/p><p style=\"text-align: justify\">Nous intervenons tout au long des phases suivantes :<\/p><ul><li style=\"text-align: justify\">Esquisse (ESQ)\u00a0;<\/li><li style=\"text-align: justify\">Avant-projet sommaire (APS)\u00a0;<\/li><li style=\"text-align: justify\">Avant-projet d\u00e9taill\u00e9 (APD)\u00a0;<\/li><li style=\"text-align: justify\">Projet (PRO)\u00a0;<\/li><li style=\"text-align: justify\">Assistance aux contrats des travaux (ACT)\u00a0;<\/li><li style=\"text-align: justify\">Visa des \u00e9tudes d\u2019ex\u00e9cution (VISA)\u00a0;<\/li><li style=\"text-align: justify\">Direction de l\u2019ex\u00e9cution des contrats de travaux (DET)\u00a0;<\/li><li style=\"text-align: justify\">Assistance aux op\u00e9rations de r\u00e9ceptions (AOR).<\/li><\/ul><\/div>\n\t<\/div>\n<\/div>\t\t\t\t<\/div>\n\t\t\t\t<\/div>\n\t\t            <\/div>\n        <\/div>\n                <div class=\"elementor-column elementor-col-50 elementor-top-column elementor-element elementor-element-a70bfef\" data-id=\"a70bfef\" data-element_type=\"column\">\n        <div class=\"elementor-widget-wrap elementor-element-populated\">\n                    \n        \t\t<div class=\"elementor-element elementor-element-4d97b42 elementor-widget elementor-widget-ct_image\" data-id=\"4d97b42\" data-element_type=\"widget\" data-widget_type=\"ct_image.default\">\n\t\t\t\t<div class=\"elementor-widget-container\">\n\t\t\t\t\t<div class=\"ct-image-single\" data-wow-duration=\"1.2s\" data-wow-delay=\"ms\">\r\n                        <img fetchpriority=\"high\" decoding=\"async\" width=\"4000\" height=\"3293\" src=\"https:\/\/www.irhis-sn.com\/wp-content\/uploads\/2024\/10\/construction-worker-truss-installation-e1729191077983.png\" class=\"attachment-full\" alt=\"\" \/>            <\/div>\t\t\t\t<\/div>\n\t\t\t\t<\/div>\n\t\t            <\/div>\n        <\/div>\n                    <\/div>\n        <\/section>\n                <section class=\"elementor-section elementor-top-section elementor-element elementor-element-c220e31 elementor-section-boxed elementor-section-height-default elementor-section-height-default\" data-id=\"c220e31\" data-element_type=\"section\">\n            \n                        <div class=\"elementor-container elementor-column-gap-default\">\n                    <div class=\"elementor-column elementor-col-100 elementor-top-column elementor-element elementor-element-994ac4a\" data-id=\"994ac4a\" data-element_type=\"column\">\n        <div class=\"elementor-widget-wrap elementor-element-populated\">\n                    \n        \t\t<div class=\"elementor-element elementor-element-ba8403c elementor-widget-divider--view-line elementor-widget elementor-widget-divider\" data-id=\"ba8403c\" data-element_type=\"widget\" data-widget_type=\"divider.default\">\n\t\t\t\t<div class=\"elementor-widget-container\">\n\t\t\t\t\t\t\t<div class=\"elementor-divider\">\n\t\t\t<span class=\"elementor-divider-separator\">\n\t\t\t\t\t\t<\/span>\n\t\t<\/div>\n\t\t\t\t\t\t<\/div>\n\t\t\t\t<\/div>\n\t\t\t\t<div class=\"elementor-element elementor-element-31ed55f elementor-widget elementor-widget-ct_image\" data-id=\"31ed55f\" data-element_type=\"widget\" data-widget_type=\"ct_image.default\">\n\t\t\t\t<div class=\"elementor-widget-container\">\n\t\t\t\t\t<div class=\"ct-image-single\" data-wow-duration=\"1.2s\" data-wow-delay=\"ms\">\r\n                        <img decoding=\"async\" width=\"2560\" height=\"886\" src=\"https:\/\/www.irhis-sn.com\/wp-content\/uploads\/2020\/11\/Headbild_Construction-scaled-1.jpg\" class=\"attachment-full\" alt=\"\" \/>            <\/div>\t\t\t\t<\/div>\n\t\t\t\t<\/div>\n\t\t\t\t<div class=\"elementor-element elementor-element-f612ca5 elementor-widget elementor-widget-ct_heading\" data-id=\"f612ca5\" data-element_type=\"widget\" data-widget_type=\"ct_heading.default\">\n\t\t\t\t<div class=\"elementor-widget-container\">\n\t\t\t\t\t<div class=\"ct-heading ct-heading-line h-align-\" data-wow-duration=\"1.2s\">\r\n\t<div class=\"ct-heading--inner\">\r\n                            <div class=\"line-divider\"><span><\/span><\/div>\r\n                <h3 class=\"item--title\">\r\n                        Les principales t\u00e2ches comprennent entre autres :        <\/h3>\r\n    <\/div>\r\n<\/div>\t\t\t\t<\/div>\n\t\t\t\t<\/div>\n\t\t\t\t<div class=\"elementor-element elementor-element-62f6c00 elementor-widget elementor-widget-ct_text_editor\" data-id=\"62f6c00\" data-element_type=\"widget\" data-widget_type=\"ct_text_editor.default\">\n\t\t\t\t<div class=\"elementor-widget-container\">\n\t\t\t\t\t<div id=\"ct_text_editor-62f6c00\" class=\"ct-text-editor\">\n\t<div class=\"ct-item--inner\">\n\t\t<div class=\"ct-inline-css\"  data-css=\"\t        \">\n\t    <\/div>\n\t\t<div class=\"ct-text-editor elementor-clearfix\"><ul><li>l\u2019analyse du programme du maitre d\u2019ouvrage\u00a0;<\/li><li>la v\u00e9rification de la faisabilit\u00e9 au regard des contraintes\u00a0;<\/li><li>l\u2019\u00e9tablissement des diff\u00e9rents documents et notices technique, s\u00e9curit\u00e9, \u00e9conomique et estimative\u00a0;<\/li><li>la coordination des intervenants et constitution des dossiers de consultation des entreprises\u00a0;<\/li><li>l\u2019\u00e9tablissements des dossiers d\u2019ex\u00e9cution\u00a0;<\/li><li>l\u2019assistance au maitre d\u2019ouvrage \u00e0 l\u2019analyse des offres et \u00e0 l\u2019\u00e9tablissement des contrats de travaux\u00a0;<\/li><li>l\u2019organisation du circuit des plans et notes produites par l\u2019entrepreneur\u00a0;<\/li><li>le visa des plans d\u2019ex\u00e9cution au vu de la conformit\u00e9 au projet\u00a0;<\/li><li>le suivi des visas des plans\u00a0;<\/li><li>les arbitrages architecturaux et techniques relatifs aux \u00e9tudes de synth\u00e8se\u00a0;<\/li><li>le contr\u00f4le de la conformit\u00e9 de la r\u00e9alisation\u00a0;<\/li><li>l\u2019ordonnancement, le pilotage et la coordination du projet;<\/li><li>la direction des travaux ;<\/li><li>la gestion financi\u00e8re\u00a0;<\/li><li>l\u2019organisation des op\u00e9rations pr\u00e9alables \u00e0 la r\u00e9ception, diffusion des \u00e9tats\u00a0;<\/li><li>l\u2019examen des d\u00e9sordres signal\u00e9s par le ma\u00eetre d\u2019ouvrage pendant la p\u00e9riode de garantie\u00a0;<\/li><li>la constitution du dossier des ouvrages ex\u00e9cut\u00e9s\u00a0;<\/li><li>etc.<\/li><\/ul><\/div>\n\t<\/div>\n<\/div>\t\t\t\t<\/div>\n\t\t\t\t<\/div>\n\t\t            <\/div>\n        <\/div>\n                    <\/div>\n        <\/section>\n        \t\t<\/div>","protected":false},"excerpt":{"rendered":"<p>IRHIS g\u00e8re de mani\u00e8re efficiente et rigoureuse, les d\u00e9lais, les co\u00fbts, la qualit\u00e9 et les risques associ\u00e9s \u00e0 tout projet, quel que soit son envergure. Nous mettons en \u0153uvre des outils de suivi et de contr\u00f4le, \u00e9valuons le rendement et influen\u00e7ons positivement les facteurs de succ\u00e8s de chaque projet. Nous assurons une saine gestion des [&hellip;]<\/p>","protected":false},"author":1,"featured_media":0,"parent":659,"menu_order":0,"comment_status":"closed","ping_status":"closed","template":"","meta":{"footnotes":""},"class_list":["post-411","page","type-page","status-publish","hentry"],"_links":{"self":[{"href":"https:\/\/www.irhis-sn.com\/en\/wp-json\/wp\/v2\/pages\/411","targetHints":{"allow":["GET"]}}],"collection":[{"href":"https:\/\/www.irhis-sn.com\/en\/wp-json\/wp\/v2\/pages"}],"about":[{"href":"https:\/\/www.irhis-sn.com\/en\/wp-json\/wp\/v2\/types\/page"}],"author":[{"embeddable":true,"href":"https:\/\/www.irhis-sn.com\/en\/wp-json\/wp\/v2\/users\/1"}],"replies":[{"embeddable":true,"href":"https:\/\/www.irhis-sn.com\/en\/wp-json\/wp\/v2\/comments?post=411"}],"version-history":[{"count":12,"href":"https:\/\/www.irhis-sn.com\/en\/wp-json\/wp\/v2\/pages\/411\/revisions"}],"predecessor-version":[{"id":5500,"href":"https:\/\/www.irhis-sn.com\/en\/wp-json\/wp\/v2\/pages\/411\/revisions\/5500"}],"up":[{"embeddable":true,"href":"https:\/\/www.irhis-sn.com\/en\/wp-json\/wp\/v2\/pages\/659"}],"wp:attachment":[{"href":"https:\/\/www.irhis-sn.com\/en\/wp-json\/wp\/v2\/media?parent=411"}],"curies":[{"name":"wp","href":"https:\/\/api.w.org\/{rel}","templated":true}]}}