{"id":4521,"date":"2015-05-07T03:37:03","date_gmt":"2015-05-07T03:37:03","guid":{"rendered":"http:\/\/themetrademark.com\/demo\/builder\/?page_id=225"},"modified":"2015-05-07T03:37:03","modified_gmt":"2015-05-07T03:37:03","slug":"nous-contacter","status":"publish","type":"page","link":"https:\/\/www.irhis-sn.com\/en\/nous-contacter\/","title":{"rendered":"Nous Contacter"},"content":{"rendered":"<section class=\"wpb-content-wrapper\"><div class=\"vc_row wpb_row vc_row-fluid vc_custom_1464180624950\"><div class=\"wpb_column vc_column_container vc_col-sm-12\"><div class=\"vc_column-inner\"><div class=\"wpb_wrapper\"><div class=\"wpb_gmaps_widget wpb_content_element\"><div class=\"wpb_wrapper\"><div class=\"wpb_map_wraper\"><iframe src=\"https:\/\/www.google.com\/maps\/embed?pb=!1m14!1m8!1m3!1d354.4596155861821!2d-17.47336940941224!3d14.72611507760923!3m2!1i1024!2i768!4f13.1!3m3!1m2!1s0x0%3A0xb93b08ec3d32f2d6!2sIRHIS%20SENEGAL!5e0!3m2!1sfr!2sus!4v1604013261626!5m2!1sfr!2sus\" width=\"600\" height=\"450\" frameborder=\"0\" style=\"border:0;\" allowfullscreen=\"\" aria-hidden=\"false\" tabindex=\"0\"><\/iframe><\/div><\/div><\/div><\/div><\/div><\/div><\/div><div class=\"vc_row wpb_row vc_row-fluid\"><div class=\"wpb_column vc_column_container vc_col-sm-6\"><div class=\"vc_column-inner\"><div class=\"wpb_wrapper\">[mgt_header_block_wp title=&#8221;Formulaire de contact&#8221; header_font_size=&#8221;h3&#8243; texttransform=&#8221;subheader&#8221; css=&#8221;.vc_custom_1605290649129{margin-top: 0px !important;}&#8221;]\n<div class=\"wpcf7 no-js\" id=\"wpcf7-f1874-o1\" lang=\"en-US\" dir=\"ltr\" data-wpcf7-id=\"1874\">\n<div class=\"screen-reader-response\"><p role=\"status\" aria-live=\"polite\" aria-atomic=\"true\"><\/p> <ul><\/ul><\/div>\n<form action=\"\/en\/wp-json\/wp\/v2\/pages\/4521#wpcf7-f1874-o1\" method=\"post\" class=\"wpcf7-form init\" aria-label=\"Contact form\" novalidate=\"novalidate\" data-status=\"init\" data-trp-original-action=\"\/en\/wp-json\/wp\/v2\/pages\/4521#wpcf7-f1874-o1\">\n<fieldset class=\"hidden-fields-container\"><input type=\"hidden\" name=\"_wpcf7\" value=\"1874\" \/><input type=\"hidden\" name=\"_wpcf7_version\" value=\"6.1.4\" \/><input type=\"hidden\" name=\"_wpcf7_locale\" value=\"en_US\" \/><input type=\"hidden\" name=\"_wpcf7_unit_tag\" value=\"wpcf7-f1874-o1\" \/><input type=\"hidden\" name=\"_wpcf7_container_post\" value=\"0\" \/><input type=\"hidden\" name=\"_wpcf7_posted_data_hash\" value=\"\" \/>\n<\/fieldset>\n<div class=\"row\">\n\t<div class=\"col-md-6\">\n\t\t<p><span class=\"wpcf7-form-control-wrap\" data-name=\"your-name\"><input size=\"40\" maxlength=\"400\" class=\"wpcf7-form-control wpcf7-text wpcf7-validates-as-required\" aria-required=\"true\" aria-invalid=\"false\" placeholder=\"Name *\" value=\"\" type=\"text\" name=\"your-name\" \/><\/span>\n\t\t<\/p>\n\t\t<p><span class=\"wpcf7-form-control-wrap\" data-name=\"your-email\"><input size=\"40\" maxlength=\"400\" class=\"wpcf7-form-control wpcf7-email wpcf7-validates-as-required wpcf7-text wpcf7-validates-as-email\" aria-required=\"true\" aria-invalid=\"false\" placeholder=\"Email *\" value=\"\" type=\"email\" name=\"your-email\" \/><\/span>\n\t\t<\/p>\n\t<\/div>\n\t<div class=\"col-md-6\">\n\t\t<p><span class=\"wpcf7-form-control-wrap\" data-name=\"your-company\"><input size=\"40\" maxlength=\"400\" class=\"wpcf7-form-control wpcf7-text\" aria-invalid=\"false\" placeholder=\"Company\" value=\"\" type=\"text\" name=\"your-company\" \/><\/span>\n\t\t<\/p>\n\t\t<p><span class=\"wpcf7-form-control-wrap\" data-name=\"your-subject\"><input size=\"40\" maxlength=\"400\" class=\"wpcf7-form-control wpcf7-text\" aria-invalid=\"false\" placeholder=\"Subject\" value=\"\" type=\"text\" name=\"your-subject\" \/><\/span>\n\t\t<\/p>\n\t<\/div>\n\t<div class=\"col-md-12\">\n\t\t<p><span class=\"wpcf7-form-control-wrap\" data-name=\"your-message\"><textarea cols=\"40\" rows=\"10\" maxlength=\"2000\" class=\"wpcf7-form-control wpcf7-textarea\" aria-invalid=\"false\" placeholder=\"Message\" name=\"your-message\"><\/textarea><\/span><input class=\"wpcf7-form-control wpcf7-submit has-spinner\" type=\"submit\" value=\"Send message\" \/>\n\t\t<\/p>\n\t<\/div>\n<\/div><div class=\"wpcf7-response-output\" aria-hidden=\"true\"><\/div>\n<input type=\"hidden\" name=\"trp-form-language\" value=\"en\"\/><\/form>\n<\/div>\n<\/div><\/div><\/div><div class=\"wpb_column vc_column_container vc_col-sm-6\"><div class=\"vc_column-inner\"><div class=\"wpb_wrapper\">[mgt_header_block_wp title=&#8221;Contact Information&#8221; subtitle=&#8221;details&#8221; header_font_size=&#8221;h3&#8243; texttransform=&#8221;subheader&#8221; css=&#8221;.vc_custom_1464169100638{margin-top: 0px !important;}&#8221;][mgt_icon_box_wp icon_font=&#8221;map&#8221; animateicon=&#8221;1&#8243; title=&#8221;Nos adresses&#8221; title_position=&#8221;right&#8221; css_animation=&#8221;left-to-right&#8221;]232 B, Sacr\u00e9 Coeur III &#8211; VDN Extension<\/p>\n<p>BP: 25515 Dakar S\u00e9n\u00e9gal[\/mgt_icon_box_wp][mgt_icon_box_wp icon_font=&#8221;phone&#8221; animateicon=&#8221;1&#8243; title=&#8221;T\u00e9l\u00e9phone et email&#8221; title_position=&#8221;right&#8221; css_animation=&#8221;left-to-right&#8221;]+221 33 360 16 35<br \/>\n<a href=\"mailto:irhis@irhis-sn.com\">irhis@irhis-sn.com<\/a>[\/mgt_icon_box_wp][mgt_icon_box_wp icon_font=&#8221;calendar&#8221; animateicon=&#8221;1&#8243; title=&#8221;Nos heures d&#8217;ouverture&#8221; title_position=&#8221;right&#8221; css_animation=&#8221;left-to-right&#8221;]Lundi-Vendredi:<\/p>\n<p>08h00mn \u00e0 13h30mn GMT<\/p>\n<p>14h30mn \u00e0 17h00mn GMT[\/mgt_icon_box_wp]<\/div><\/div><\/div><\/div>\n<\/section>","protected":false},"excerpt":{"rendered":"[mgt_header_block_wp title=\"Formulaire de contact\" header_font_size=\"h3\" texttransform=\"subheader\" css=\".vc_custom_1605290649129{margin-top: 0px !important;}\"] [mgt_header_block_wp title=\"Contact Information\" subtitle=\"details\" header_font_size=\"h3\" texttransform=\"subheader\" css=\".vc_custom_1464169100638{margin-top: 0px !important;}\"][mgt_icon_box_wp icon_font=\"map\" animateicon=\"1\" title=\"Nos adresses\" title_position=\"right\" css_animation=\"left-to-right\"]232 B, Sacr\u00e9 Coeur III - VDN Extension BP: 25515 Dakar S\u00e9n\u00e9gal[\/mgt_icon_box_wp][mgt_icon_box_wp icon_font=\"phone\" animateicon=\"1\" title=\"T\u00e9l\u00e9phone et email\" title_position=\"right\" css_animation=\"left-to-right\"]+221 33 360 16 35 irhis@irhis-sn.com[\/mgt_icon_box_wp][mgt_icon_box_wp icon_font=\"calendar\" animateicon=\"1\" title=\"Nos heures d'ouverture\" title_position=\"right\" css_animation=\"left-to-right\"]Lundi-Vendredi: 08h00mn [...]","protected":false},"author":1,"featured_media":0,"parent":0,"menu_order":0,"comment_status":"open","ping_status":"open","template":"","meta":{"footnotes":""},"class_list":["post-4521","page","type-page","status-publish","hentry"],"_links":{"self":[{"href":"https:\/\/www.irhis-sn.com\/en\/wp-json\/wp\/v2\/pages\/4521","targetHints":{"allow":["GET"]}}],"collection":[{"href":"https:\/\/www.irhis-sn.com\/en\/wp-json\/wp\/v2\/pages"}],"about":[{"href":"https:\/\/www.irhis-sn.com\/en\/wp-json\/wp\/v2\/types\/page"}],"author":[{"embeddable":true,"href":"https:\/\/www.irhis-sn.com\/en\/wp-json\/wp\/v2\/users\/1"}],"replies":[{"embeddable":true,"href":"https:\/\/www.irhis-sn.com\/en\/wp-json\/wp\/v2\/comments?post=4521"}],"version-history":[{"count":0,"href":"https:\/\/www.irhis-sn.com\/en\/wp-json\/wp\/v2\/pages\/4521\/revisions"}],"wp:attachment":[{"href":"https:\/\/www.irhis-sn.com\/en\/wp-json\/wp\/v2\/media?parent=4521"}],"curies":[{"name":"wp","href":"https:\/\/api.w.org\/{rel}","templated":true}]}}