{"id":692,"date":"2016-10-12T06:02:06","date_gmt":"2016-10-12T04:02:06","guid":{"rendered":"http:\/\/www.irhis-sn.com\/?page_id=692"},"modified":"2025-09-11T17:40:16","modified_gmt":"2025-09-11T17:40:16","slug":"formation","status":"publish","type":"page","link":"https:\/\/www.irhis-sn.com\/en\/nos-missions\/formation\/","title":{"rendered":"Formation"},"content":{"rendered":"<div data-elementor-type=\"wp-page\" data-elementor-id=\"692\" class=\"elementor elementor-692\">\n\t\t\t\t        <section class=\"elementor-section elementor-top-section elementor-element elementor-element-de0cdad elementor-section-boxed elementor-section-height-default elementor-section-height-default\" data-id=\"de0cdad\" data-element_type=\"section\">\n            \n                        <div class=\"elementor-container elementor-column-gap-default\">\n                    <div class=\"elementor-column elementor-col-50 elementor-top-column elementor-element elementor-element-fc9513a\" data-id=\"fc9513a\" data-element_type=\"column\">\n        <div class=\"elementor-widget-wrap elementor-element-populated\">\n                    \n        \t\t<div class=\"elementor-element elementor-element-fa57705 elementor-widget elementor-widget-ct_text_editor\" data-id=\"fa57705\" data-element_type=\"widget\" data-widget_type=\"ct_text_editor.default\">\n\t\t\t\t<div class=\"elementor-widget-container\">\n\t\t\t\t\t<div id=\"ct_text_editor-fa57705\" class=\"ct-text-editor\">\n\t<div class=\"ct-item--inner\">\n\t\t<div class=\"ct-inline-css\"  data-css=\"\t        \">\n\t    <\/div>\n\t\t<div class=\"ct-text-editor elementor-clearfix\"><p style=\"text-align: justify\">Pour r\u00e9pondre aux exigences de qualit\u00e9, de s\u00e9curit\u00e9, de durabilit\u00e9 et de performances \u00e9nerg\u00e9tiques et de confort, IRHIS accompagne les professionnels \u00e0 travers des formations dans\u00a0:<\/p><ul style=\"text-align: justify\"><li>les diff\u00e9rents volets de la construction (conception, dimensionnement, et\u00a0 \u00a0 \u00a0 \u00a0 \u00a0 \u00a0optimisation des diff\u00e9rents \u00e9l\u00e9ments d\u2019ouvrages, des installations et\u00a0 \u00a0 \u00a0 \u00a0 \u00a0 \u00a0 \u00a0 \u00a0 \u00a0 \u00a0\u00e9quipements techniques)\u00a0;<\/li><li>les r\u00e8glementations relatives aux techniques et normes dans les\u00a0 \u00a0 \u00a0 \u00a0 \u00a0 \u00a0 \u00a0 \u00a0 \u00a0 \u00a0 \u00a0 \u00a0 \u00a0constructions\u00a0;<\/li><li>les r\u00e8glementations incendies dans les b\u00e2timents;<\/li><li>les r\u00e8glementations thermiques et acoustiques dans les b\u00e2timents;<\/li><li>les performances \u00e9nerg\u00e9tiques dans les b\u00e2timents\u00a0;<\/li><li>l\u2019organisation et les syst\u00e8mes de managements des organisations, des\u00a0 \u00a0 \u00a0 \u00a0 \u00a0 \u00a0 \u00a0comp\u00e9tences;<\/li><li>etc.<\/li><\/ul><p class=\"m_8074548970969689278MsoListParagraphCxSpMiddle\" style=\"text-align: justify\">Ces services s\u2019appuient non seulement sur des expertises disponibles au sein de IRHIS, mais aussi dans ses r\u00e9seaux d\u2019experts et de partenaires internationaux.<\/p><\/div>\n\t<\/div>\n<\/div>\t\t\t\t<\/div>\n\t\t\t\t<\/div>\n\t\t            <\/div>\n        <\/div>\n                <div class=\"elementor-column elementor-col-50 elementor-top-column elementor-element elementor-element-9f1518f\" data-id=\"9f1518f\" data-element_type=\"column\">\n        <div class=\"elementor-widget-wrap elementor-element-populated\">\n                    \n        \t\t<div class=\"elementor-element elementor-element-fb24b67 elementor-widget elementor-widget-spacer\" data-id=\"fb24b67\" data-element_type=\"widget\" data-widget_type=\"spacer.default\">\n\t\t\t\t<div class=\"elementor-widget-container\">\n\t\t\t\t\t\t\t<div class=\"elementor-spacer\">\n\t\t\t<div class=\"elementor-spacer-inner\"><\/div>\n\t\t<\/div>\n\t\t\t\t\t\t<\/div>\n\t\t\t\t<\/div>\n\t\t\t\t<div class=\"elementor-element elementor-element-f5cfac8 elementor-widget elementor-widget-ct_image\" data-id=\"f5cfac8\" data-element_type=\"widget\" data-widget_type=\"ct_image.default\">\n\t\t\t\t<div class=\"elementor-widget-container\">\n\t\t\t\t\t<div class=\"ct-image-single\" data-wow-duration=\"1.2s\" data-wow-delay=\"ms\">\r\n                        <img fetchpriority=\"high\" decoding=\"async\" width=\"1600\" height=\"1515\" src=\"https:\/\/www.irhis-sn.com\/wp-content\/uploads\/2025\/09\/african-american-businessman-giving-presentation-explaining-new-marketing-plan-meeting-scaled-e1757612402530.jpg\" class=\"attachment-full\" alt=\"\" \/>            <\/div>\t\t\t\t<\/div>\n\t\t\t\t<\/div>\n\t\t            <\/div>\n        <\/div>\n                    <\/div>\n        <\/section>\n        \t\t<\/div>","protected":false},"excerpt":{"rendered":"<p>Pour r\u00e9pondre aux exigences de qualit\u00e9, de s\u00e9curit\u00e9, de durabilit\u00e9 et de performances \u00e9nerg\u00e9tiques et de confort, IRHIS accompagne les professionnels \u00e0 travers des formations dans\u00a0: les diff\u00e9rents volets de la construction (conception, dimensionnement, et\u00a0 \u00a0 \u00a0 \u00a0 \u00a0 \u00a0optimisation des diff\u00e9rents \u00e9l\u00e9ments d\u2019ouvrages, des installations et\u00a0 \u00a0 \u00a0 \u00a0 \u00a0 \u00a0 \u00a0 \u00a0 \u00a0 [&hellip;]<\/p>","protected":false},"author":1,"featured_media":0,"parent":659,"menu_order":0,"comment_status":"closed","ping_status":"closed","template":"","meta":{"footnotes":""},"class_list":["post-692","page","type-page","status-publish","hentry"],"_links":{"self":[{"href":"https:\/\/www.irhis-sn.com\/en\/wp-json\/wp\/v2\/pages\/692","targetHints":{"allow":["GET"]}}],"collection":[{"href":"https:\/\/www.irhis-sn.com\/en\/wp-json\/wp\/v2\/pages"}],"about":[{"href":"https:\/\/www.irhis-sn.com\/en\/wp-json\/wp\/v2\/types\/page"}],"author":[{"embeddable":true,"href":"https:\/\/www.irhis-sn.com\/en\/wp-json\/wp\/v2\/users\/1"}],"replies":[{"embeddable":true,"href":"https:\/\/www.irhis-sn.com\/en\/wp-json\/wp\/v2\/comments?post=692"}],"version-history":[{"count":15,"href":"https:\/\/www.irhis-sn.com\/en\/wp-json\/wp\/v2\/pages\/692\/revisions"}],"predecessor-version":[{"id":5749,"href":"https:\/\/www.irhis-sn.com\/en\/wp-json\/wp\/v2\/pages\/692\/revisions\/5749"}],"up":[{"embeddable":true,"href":"https:\/\/www.irhis-sn.com\/en\/wp-json\/wp\/v2\/pages\/659"}],"wp:attachment":[{"href":"https:\/\/www.irhis-sn.com\/en\/wp-json\/wp\/v2\/media?parent=692"}],"curies":[{"name":"wp","href":"https:\/\/api.w.org\/{rel}","templated":true}]}}