{"id":964,"date":"2017-07-03T10:19:50","date_gmt":"2017-07-03T10:19:50","guid":{"rendered":"http:\/\/www.irhis-sn.com\/?page_id=964"},"modified":"2024-04-14T21:28:10","modified_gmt":"2024-04-14T21:28:10","slug":"ordonnancement-pilotage-et-coordination-opc","status":"publish","type":"page","link":"https:\/\/www.irhis-sn.com\/en\/nos-missions\/ordonnancement-pilotage-et-coordination-opc\/","title":{"rendered":"Ordonnancement, Pilotage et Coordination (OPC)"},"content":{"rendered":"<div data-elementor-type=\"wp-page\" data-elementor-id=\"964\" class=\"elementor elementor-964\">\n\t\t\t\t        <section class=\"elementor-section elementor-top-section elementor-element elementor-element-ab43041 elementor-section-boxed elementor-section-height-default elementor-section-height-default\" data-id=\"ab43041\" data-element_type=\"section\">\n            \n                        <div class=\"elementor-container elementor-column-gap-default\">\n                    <div class=\"elementor-column elementor-col-100 elementor-top-column elementor-element elementor-element-7090954\" data-id=\"7090954\" data-element_type=\"column\">\n        <div class=\"elementor-widget-wrap elementor-element-populated\">\n                    \n        \t\t<div class=\"elementor-element elementor-element-98c6214 elementor-widget elementor-widget-ct_text_editor\" data-id=\"98c6214\" data-element_type=\"widget\" data-widget_type=\"ct_text_editor.default\">\n\t\t\t\t<div class=\"elementor-widget-container\">\n\t\t\t\t\t<div id=\"ct_text_editor-98c6214\" class=\"ct-text-editor\">\n\t<div class=\"ct-item--inner\">\n\t\t<div class=\"ct-inline-css\"  data-css=\"\t        \">\n\t    <\/div>\n\t\t<div class=\"ct-text-editor elementor-clearfix\">L\u2019ordonnancement, la coordination et le pilotage du chantier ont respectivement pour objet :\n<ol>\n \t<li>d\u2019analyser les t\u00e2ches \u00e9l\u00e9mentaires portant sur les \u00e9tudes d\u2019ex\u00e9cution et les travaux, de d\u00e9terminer leurs encha\u00eenements ainsi que leur chemin critique par des documents graphiques ;<\/li>\n \t<li>d\u2019harmoniser dans le temps et dans l\u2019espace les actions des diff\u00e9rents intervenants au stade des travaux ;<\/li>\n \t<li>au stade des travaux et jusqu\u2019\u00e0 la lev\u00e9e des r\u00e9serves dans les d\u00e9lais impartis dans le ou les contrats de travaux, de mettre en application les diverses mesures d\u2019organisation arr\u00eat\u00e9es au titre de l\u2019ordonnancement et de la coordination. \u00bb<\/li>\n<\/ol>\nL\u2019OPC est un instrument strat\u00e9gique et repr\u00e9sente donc une valeur ajout\u00e9e \u00e9conomique devenant une partie essentielle du prix de revient de l\u2019op\u00e9ration.\n<\/div>\n\t<\/div>\n<\/div>\t\t\t\t<\/div>\n\t\t\t\t<\/div>\n\t\t\t\t<div class=\"elementor-element elementor-element-6b99e47 elementor-widget-divider--view-line elementor-widget elementor-widget-divider\" data-id=\"6b99e47\" data-element_type=\"widget\" data-widget_type=\"divider.default\">\n\t\t\t\t<div class=\"elementor-widget-container\">\n\t\t\t\t\t\t\t<div class=\"elementor-divider\">\n\t\t\t<span class=\"elementor-divider-separator\">\n\t\t\t\t\t\t<\/span>\n\t\t<\/div>\n\t\t\t\t\t\t<\/div>\n\t\t\t\t<\/div>\n\t\t\t\t<div class=\"elementor-element elementor-element-77126ed elementor-widget elementor-widget-ct_image\" data-id=\"77126ed\" data-element_type=\"widget\" data-widget_type=\"ct_image.default\">\n\t\t\t\t<div class=\"elementor-widget-container\">\n\t\t\t\t\t<div class=\"ct-image-single\" data-wow-duration=\"1.2s\" data-wow-delay=\"ms\">\r\n                        <img fetchpriority=\"high\" decoding=\"async\" width=\"2560\" height=\"1707\" src=\"https:\/\/www.irhis-sn.com\/wp-content\/uploads\/2024\/04\/close-up-pen-document-scaled.jpg\" class=\"attachment-full\" alt=\"\" \/>            <\/div>\t\t\t\t<\/div>\n\t\t\t\t<\/div>\n\t\t\t\t<div class=\"elementor-element elementor-element-6ea731a elementor-widget elementor-widget-spacer\" data-id=\"6ea731a\" data-element_type=\"widget\" data-widget_type=\"spacer.default\">\n\t\t\t\t<div class=\"elementor-widget-container\">\n\t\t\t\t\t\t\t<div class=\"elementor-spacer\">\n\t\t\t<div class=\"elementor-spacer-inner\"><\/div>\n\t\t<\/div>\n\t\t\t\t\t\t<\/div>\n\t\t\t\t<\/div>\n\t\t\t\t<div class=\"elementor-element elementor-element-d352ba8 elementor-widget elementor-widget-ct_text_editor\" data-id=\"d352ba8\" data-element_type=\"widget\" data-widget_type=\"ct_text_editor.default\">\n\t\t\t\t<div class=\"elementor-widget-container\">\n\t\t\t\t\t<div id=\"ct_text_editor-d352ba8\" class=\"ct-text-editor\">\n\t<div class=\"ct-item--inner\">\n\t\t<div class=\"ct-inline-css\"  data-css=\"\t        \">\n\t    <\/div>\n\t\t<div class=\"ct-text-editor elementor-clearfix\"><p>Dans l\u2019exercice de ses prestations d\u2019OPC, IRHIS d\u00e9finit l\u2019ordonnancement de l\u2019op\u00e9ration et coordonne les diff\u00e9rentes interventions afin de garantir les d\u00e9lais d\u2019ex\u00e9cution et la parfaite organisation du chantier. Cela impose une pr\u00e9sence plus fr\u00e9quente de nos \u00e9quipes que la visite hebdomadaire sur site. Ainsi les interventions de IRHIS dans le cadre des prestations d\u2019OPC se d\u00e9rouleront en plusieurs \u00e9tapes.<\/p><\/div>\n\t<\/div>\n<\/div>\t\t\t\t<\/div>\n\t\t\t\t<\/div>\n\t\t\t\t<div class=\"elementor-element elementor-element-e12732c elementor-widget elementor-widget-ct_accordion\" data-id=\"e12732c\" data-element_type=\"widget\" data-widget_type=\"ct_accordion.default\">\n\t\t\t\t<div class=\"elementor-widget-container\">\n\t\t\t\t\t    <div id=\"ct_accordion-e12732c\" class=\"ct-accordion layout1\" data-wow-duration=\"1.2s\">\r\n                    <div class=\"ct-accordion-item active\">\r\n                <div class=\"ct-ac-title active\" data-target=\"#1bc9e02ct_accordion-e12732c\">\r\n                    <a class=\"ct-ac-title-text\"> En phase d\u2019\u00e9tudes<\/a>\r\n                <\/div>\r\n                <div id=\"1bc9e02ct_accordion-e12732c\" class=\"ct-ac-content\" style=\"display:block;\"><br \/>\n<br \/>\nIRHIS proc\u00e8de tout d\u2019abord \u00e0 une analyse d\u00e9taill\u00e9e des pi\u00e8ces du march\u00e9, des plans et des cahiers des clauses techniques particuli\u00e8res (CCTP). Ensuite, il prend en compte les contraintes du site, et les formalit\u00e9s n\u00e9cessaires \u00e0 la r\u00e9alisation du chantier.<br \/>\n<br \/>\nEn parall\u00e8le, IRHIS \u00e9labore le cheminement de la diffusion des documents.<br \/>\n<\/div>\r\n            <\/div>\r\n                    <div class=\"ct-accordion-item\">\r\n                <div class=\"ct-ac-title\" data-target=\"#7d9ea30ct_accordion-e12732c\">\r\n                    <a class=\"ct-ac-title-text\">En phase de pr\u00e9paration du chantier<\/a>\r\n                <\/div>\r\n                <div id=\"7d9ea30ct_accordion-e12732c\" class=\"ct-ac-content\">IRHIS met en place l\u2019organisation du chantier avec les entreprises. Il effectue ensuite la mise au point des t\u00e2ches entre les entreprises. Il d\u00e9termine la planification et la coordination dans le temps des \u00e9tudes d\u2019ex\u00e9cution. Ensuite il \u00e9labore un planning d\u00e9taill\u00e9 des travaux, tout en y int\u00e9grant des consultations aupr\u00e8s des entreprises intervenantes. Il int\u00e8gre \u00e9galement un calendrier des choix et des prototypes n\u00e9cessaires \u00e0 la r\u00e9alisation du chantier, en accord avec les pi\u00e8ces \u00e9crites.<\/div>\r\n            <\/div>\r\n                    <div class=\"ct-accordion-item\">\r\n                <div class=\"ct-ac-title\" data-target=\"#1ec912fct_accordion-e12732c\">\r\n                    <a class=\"ct-ac-title-text\">En phase d\u2019ex\u00e9cution des travaux<\/a>\r\n                <\/div>\r\n                <div id=\"1ec912fct_accordion-e12732c\" class=\"ct-ac-content\">IRHIS effectue hebdomadairement des r\u00e9unions de coordinations, pr\u00e9par\u00e9es au pr\u00e9alable avec les entreprises. En parall\u00e8le il tient \u00e0 jour le suivi du contr\u00f4le des ex\u00e9cutions, approvisionnements et choix de mat\u00e9riaux et prototypes, sans oublier la comptabilisation des jours d\u2019intemp\u00e9ries et l\u2019\u00e9tat des effectifs pr\u00e9sents sur chantier. Il proc\u00e8de au constat des retards de d\u00e9marrage ou de fin de t\u00e2ches planifi\u00e9es. En cas de besoin, il proc\u00e8dera \u00e0 un recalage du calendrier d\u2019ex\u00e9cution. Hebdomadairement il \u00e9labore son compte rendu OPC et le diffuse apr\u00e8s la r\u00e9union de coordination. Il fait \u00e9galement un \u00e9tat des dates de suivi des documents d\u2019ex\u00e9cution, relatifs au calendrier des \u00e9tudes et contr\u00f4le leur diffusion.<\/div>\r\n            <\/div>\r\n                    <div class=\"ct-accordion-item\">\r\n                <div class=\"ct-ac-title\" data-target=\"#2fd9189ct_accordion-e12732c\">\r\n                    <a class=\"ct-ac-title-text\">En phase de r\u00e9ception<\/a>\r\n                <\/div>\r\n                <div id=\"2fd9189ct_accordion-e12732c\" class=\"ct-ac-content\"><br \/>\n<br \/>\nIRHIS assiste le MOE pour les visites pr\u00e9paratoires \u00e0 la r\u00e9ception (op\u00e9rations pr\u00e9alables \u00e0 la r\u00e9ception ou OPR). Il \u00e9tablit un calendrier des essais, r\u00e9ceptions techniques et de collecte des proc\u00e8s-verbaux des mat\u00e9riaux. Il est pr\u00e9sent \u00e0 la r\u00e9ception des travaux. \u00c0 la suite de la r\u00e9ception des ouvrages avec ou sans r\u00e9serves, il organise, anime et contr\u00f4le l\u2019ex\u00e9cution de la lev\u00e9e des r\u00e9serves figurant au proc\u00e8s-verbal de r\u00e9ception.<br \/>\n<br \/>\nEnfin pour l\u2019\u00e9tablissement du d\u00e9compte g\u00e9n\u00e9ral des d\u00e9penses (DGD), il propose une \u00e9ventuelle r\u00e9partition des p\u00e9nalit\u00e9s, suivant les pi\u00e8ces \u00e9mises en cours de chantier pour justifier ou non les retards constat\u00e9s.<br \/>\n<\/div>\r\n            <\/div>\r\n            <\/div>\r\n\t\t\t\t<\/div>\n\t\t\t\t<\/div>\n\t\t            <\/div>\n        <\/div>\n                    <\/div>\n        <\/section>\n        \t\t<\/div>","protected":false},"excerpt":{"rendered":"<p>L\u2019ordonnancement, la coordination et le pilotage du chantier ont respectivement pour objet : d\u2019analyser les t\u00e2ches \u00e9l\u00e9mentaires portant sur les \u00e9tudes d\u2019ex\u00e9cution et les travaux, de d\u00e9terminer leurs encha\u00eenements ainsi que leur chemin critique par des documents graphiques ; d\u2019harmoniser dans le temps et dans l\u2019espace les actions des diff\u00e9rents intervenants au stade des travaux [&hellip;]<\/p>","protected":false},"author":2,"featured_media":0,"parent":659,"menu_order":0,"comment_status":"closed","ping_status":"closed","template":"","meta":{"footnotes":""},"class_list":["post-964","page","type-page","status-publish","hentry"],"_links":{"self":[{"href":"https:\/\/www.irhis-sn.com\/en\/wp-json\/wp\/v2\/pages\/964","targetHints":{"allow":["GET"]}}],"collection":[{"href":"https:\/\/www.irhis-sn.com\/en\/wp-json\/wp\/v2\/pages"}],"about":[{"href":"https:\/\/www.irhis-sn.com\/en\/wp-json\/wp\/v2\/types\/page"}],"author":[{"embeddable":true,"href":"https:\/\/www.irhis-sn.com\/en\/wp-json\/wp\/v2\/users\/2"}],"replies":[{"embeddable":true,"href":"https:\/\/www.irhis-sn.com\/en\/wp-json\/wp\/v2\/comments?post=964"}],"version-history":[{"count":9,"href":"https:\/\/www.irhis-sn.com\/en\/wp-json\/wp\/v2\/pages\/964\/revisions"}],"predecessor-version":[{"id":5297,"href":"https:\/\/www.irhis-sn.com\/en\/wp-json\/wp\/v2\/pages\/964\/revisions\/5297"}],"up":[{"embeddable":true,"href":"https:\/\/www.irhis-sn.com\/en\/wp-json\/wp\/v2\/pages\/659"}],"wp:attachment":[{"href":"https:\/\/www.irhis-sn.com\/en\/wp-json\/wp\/v2\/media?parent=964"}],"curies":[{"name":"wp","href":"https:\/\/api.w.org\/{rel}","templated":true}]}}